{"id":5820,"date":"2025-05-07T14:57:51","date_gmt":"2025-05-07T12:57:51","guid":{"rendered":"https:\/\/www.cognac-voyer-vaudon.fr\/?post_type=product&#038;p=5820"},"modified":"2025-05-19T14:49:55","modified_gmt":"2025-05-19T12:49:55","slug":"liqueur-creme-de-fruits-peche-de-vigne-francois-voyer","status":"publish","type":"product","link":"https:\/\/www.cognac-voyer-vaudon.fr\/en\/produit\/liqueur-creme-de-fruits-peche-de-vigne-francois-voyer\/","title":{"rendered":"Cr\u00e8me de fruit au Cognac &#8211; P\u00eache Fran\u00e7ois Voyer"},"content":{"rendered":"<div class=\"wpb_column vc_column_container vc_col-sm-6\">\n<div class=\"vc_column-inner \">\n<div class=\"wpb_wrapper\">\n<div class=\"vc_separator wpb_content_element vc_separator_align_center vc_sep_width_20 vc_sep_border_width_3 vc_sep_pos_align_left vc_separator_no_text\">\n<div class=\"wpb_column vc_column_container vc_col-sm-6\">\n<div class=\"vc_column-inner \">\n<div class=\"wpb_wrapper\">\n<div class=\"kleo_text_column wpb_text_column wpb_content_element \">\n<div class=\"wpb_wrapper\">\n<div class=\"wpb_column vc_column_container vc_col-sm-6\">\n<div class=\"vc_column-inner \">\n<div class=\"wpb_wrapper\">\n<div class=\"kleo_text_column wpb_text_column wpb_content_element \">\n<div class=\"wpb_wrapper\">\n<div class=\"wpb_column vc_column_container vc_col-sm-6\">\n<div class=\"vc_column-inner \">\n<div class=\"wpb_wrapper\">\n<div class=\"kleo_text_column wpb_text_column wpb_content_element \">\n<div class=\"wpb_wrapper\">\n<div class=\"wpb_column vc_column_container vc_col-sm-6\">\n<div class=\"vc_column-inner \">\n<div class=\"wpb_wrapper\">\n<div class=\"kleo_text_column wpb_text_column wpb_content_element \">\n<div class=\"wpb_wrapper\">\n<div class=\"wpb_column vc_column_container vc_col-sm-6\">\n<div class=\"vc_column-inner \">\n<div class=\"wpb_wrapper\">\n<div class=\"kleo_text_column wpb_text_column wpb_content_element \">\n<div class=\"wpb_wrapper\">\n<div class=\"wpb_column vc_column_container vc_col-sm-6\">\n<div class=\"vc_column-inner \">\n<div class=\"wpb_wrapper\">\n<div class=\"kleo_text_column wpb_text_column wpb_content_element \">\n<div class=\"wpb_wrapper\">\n<div class=\"wpb_column vc_column_container vc_col-sm-6\">\n<div class=\"vc_column-inner \">\n<div class=\"wpb_wrapper\">\n<div class=\"kleo_text_column wpb_text_column wpb_content_element \">\n<div class=\"wpb_wrapper\">\n<div class=\"wpb_column vc_column_container vc_col-sm-6\">\n<div class=\"vc_column-inner \">\n<div class=\"wpb_wrapper\">\n<p class=\"vc_custom_heading majuscules letter-spacing-4px\" data-uid=\"681b4086542a0\"><strong>Couleur :<\/strong> Dor\u00e9e, l\u00e9g\u00e8rement ambr\u00e9e<\/p>\n<p><strong>Ar\u00f4mes :<\/strong> Douces ar\u00f4mes de p\u00eaches<\/p>\n<p class=\"vc_custom_heading majuscules letter-spacing-4px\" data-uid=\"681b4086542a0\"><strong>Bouche :<\/strong> Douce et sucr\u00e9e<\/p>\n<p><strong>TAV :<\/strong> 18%<br \/>\n<strong>Contenance :<\/strong> 70cl<\/p>\n<\/div>\n<\/div>\n<\/div>\n<\/div>\n<\/div>\n<\/div>\n<\/div>\n<\/div>\n<\/div>\n<\/div>\n<\/div>\n<\/div>\n<\/div>\n<\/div>\n<\/div>\n<\/div>\n<\/div>\n<\/div>\n<\/div>\n<\/div>\n<\/div>\n<\/div>\n<\/div>\n<\/div>\n<\/div>\n<\/div>\n<\/div>\n<\/div>\n<\/div>\n<\/div>\n<\/div>\n<\/div>\n<\/div>\n<\/div>\n<\/div>\n<\/div>\n<\/div>\n<\/div>\n<\/div>\n<\/div>\n<\/div>\n<\/div>\n","protected":false},"excerpt":{"rendered":"<p>Multifacette, notre cr\u00e8me de P\u00eache se savoure \u00e0 l\u2019ap\u00e9ritif, en digestif, en cocktail ou comme touche sucr\u00e9e dans vos desserts maison.<\/p>\n","protected":false},"featured_media":5821,"comment_status":"closed","ping_status":"closed","template":"","meta":{"_uag_custom_page_level_css":"","site-sidebar-layout":"default","site-content-layout":"","ast-site-content-layout":"default","site-content-style":"default","site-sidebar-style":"default","ast-global-header-display":"","ast-banner-title-visibility":"","ast-main-header-display":"","ast-hfb-above-header-display":"","ast-hfb-below-header-display":"","ast-hfb-mobile-header-display":"","site-post-title":"","ast-breadcrumbs-content":"","ast-featured-img":"","footer-sml-layout":"","theme-transparent-header-meta":"default","adv-header-id-meta":"","stick-header-meta":"","header-above-stick-meta":"","header-main-stick-meta":"","header-below-stick-meta":"","astra-migrate-meta-layouts":"set","ast-page-background-enabled":"default","ast-page-background-meta":{"desktop":{"background-color":"","background-image":"","background-repeat":"repeat","background-position":"center center","background-size":"auto","background-attachment":"scroll","background-type":"","background-media":"","overlay-type":"","overlay-color":"","overlay-gradient":""},"tablet":{"background-color":"","background-image":"","background-repeat":"repeat","background-position":"center center","background-size":"auto","background-attachment":"scroll","background-type":"","background-media":"","overlay-type":"","overlay-color":"","overlay-gradient":""},"mobile":{"background-color":"","background-image":"","background-repeat":"repeat","background-position":"center center","background-size":"auto","background-attachment":"scroll","background-type":"","background-media":"","overlay-type":"","overlay-color":"","overlay-gradient":""}},"ast-content-background-meta":{"desktop":{"background-color":"var(--ast-global-color-5)","background-image":"","background-repeat":"repeat","background-position":"center center","background-size":"auto","background-attachment":"scroll","background-type":"","background-media":"","overlay-type":"","overlay-color":"","overlay-gradient":""},"tablet":{"background-color":"var(--ast-global-color-5)","background-image":"","background-repeat":"repeat","background-position":"center center","background-size":"auto","background-attachment":"scroll","background-type":"","background-media":"","overlay-type":"","overlay-color":"","overlay-gradient":""},"mobile":{"background-color":"var(--ast-global-color-5)","background-image":"","background-repeat":"repeat","background-position":"center center","background-size":"auto","background-attachment":"scroll","background-type":"","background-media":"","overlay-type":"","overlay-color":"","overlay-gradient":""}}},"product_brand":[],"product_cat":[92,91],"product_tag":[],"class_list":{"0":"post-5820","1":"product","2":"type-product","3":"status-publish","4":"has-post-thumbnail","6":"product_cat-francois-voyer","7":"product_cat-nos-produits","8":"product_shipping_class-bouteilles","9":"desktop-align-center","10":"tablet-align-left","11":"mobile-align-left","13":"first","14":"instock","15":"taxable","16":"shipping-taxable","17":"purchasable","18":"product-type-simple"},"yoast_head":"<!-- This site is optimized with the Yoast SEO plugin v25.0 - https:\/\/yoast.com\/wordpress\/plugins\/seo\/ -->\n<title>Cr\u00e8me de fruit au Cognac - P\u00eache Fran\u00e7ois Voyer - Visits Cognac Voyer Vaudon<\/title>\n<meta name=\"robots\" content=\"index, follow, max-snippet:-1, max-image-preview:large, max-video-preview:-1\" \/>\n<link rel=\"canonical\" href=\"https:\/\/www.cognac-voyer-vaudon.fr\/en\/produit\/liqueur-creme-de-fruits-peche-de-vigne-francois-voyer\/\" \/>\n<script type=\"application\/ld+json\" class=\"yoast-schema-graph\">{\"@context\":\"https:\/\/schema.org\",\"@graph\":[{\"@type\":\"WebPage\",\"@id\":\"https:\/\/www.cognac-voyer-vaudon.fr\/en\/produit\/liqueur-creme-de-fruits-peche-de-vigne-francois-voyer\/\",\"url\":\"https:\/\/www.cognac-voyer-vaudon.fr\/en\/produit\/liqueur-creme-de-fruits-peche-de-vigne-francois-voyer\/\",\"name\":\"Cr\u00e8me de fruit au Cognac - P\u00eache Fran\u00e7ois Voyer - Visits Cognac Voyer Vaudon\",\"isPartOf\":{\"@id\":\"https:\/\/www.cognac-voyer-vaudon.fr\/en\/#website\"},\"primaryImageOfPage\":{\"@id\":\"https:\/\/www.cognac-voyer-vaudon.fr\/en\/produit\/liqueur-creme-de-fruits-peche-de-vigne-francois-voyer\/#primaryimage\"},\"image\":{\"@id\":\"https:\/\/www.cognac-voyer-vaudon.fr\/en\/produit\/liqueur-creme-de-fruits-peche-de-vigne-francois-voyer\/#primaryimage\"},\"thumbnailUrl\":\"https:\/\/www.cognac-voyer-vaudon.fr\/wp-content\/uploads\/2025\/05\/liqueur2.png\",\"datePublished\":\"2025-05-07T12:57:51+00:00\",\"dateModified\":\"2025-05-19T12:49:55+00:00\",\"breadcrumb\":{\"@id\":\"https:\/\/www.cognac-voyer-vaudon.fr\/en\/produit\/liqueur-creme-de-fruits-peche-de-vigne-francois-voyer\/#breadcrumb\"},\"inLanguage\":\"en-US\",\"potentialAction\":[{\"@type\":\"ReadAction\",\"target\":[\"https:\/\/www.cognac-voyer-vaudon.fr\/en\/produit\/liqueur-creme-de-fruits-peche-de-vigne-francois-voyer\/\"]}]},{\"@type\":\"ImageObject\",\"inLanguage\":\"en-US\",\"@id\":\"https:\/\/www.cognac-voyer-vaudon.fr\/en\/produit\/liqueur-creme-de-fruits-peche-de-vigne-francois-voyer\/#primaryimage\",\"url\":\"https:\/\/www.cognac-voyer-vaudon.fr\/wp-content\/uploads\/2025\/05\/liqueur2.png\",\"contentUrl\":\"https:\/\/www.cognac-voyer-vaudon.fr\/wp-content\/uploads\/2025\/05\/liqueur2.png\",\"width\":567,\"height\":464},{\"@type\":\"BreadcrumbList\",\"@id\":\"https:\/\/www.cognac-voyer-vaudon.fr\/en\/produit\/liqueur-creme-de-fruits-peche-de-vigne-francois-voyer\/#breadcrumb\",\"itemListElement\":[{\"@type\":\"ListItem\",\"position\":1,\"name\":\"Accueil\",\"item\":\"https:\/\/www.cognac-voyer-vaudon.fr\/en\/\"},{\"@type\":\"ListItem\",\"position\":2,\"name\":\"Workshops and visits\",\"item\":\"https:\/\/www.cognac-voyer-vaudon.fr\/boutique\/\"},{\"@type\":\"ListItem\",\"position\":3,\"name\":\"Cr\u00e8me de fruit au Cognac &#8211; P\u00eache Fran\u00e7ois Voyer\"}]},{\"@type\":\"WebSite\",\"@id\":\"https:\/\/www.cognac-voyer-vaudon.fr\/en\/#website\",\"url\":\"https:\/\/www.cognac-voyer-vaudon.fr\/en\/\",\"name\":\"Visites Cognac Voyer Vaudon\",\"description\":\"Experiences, visits and workshops at the Domaine Cognac Voyer Vaudon\",\"publisher\":{\"@id\":\"https:\/\/www.cognac-voyer-vaudon.fr\/en\/#organization\"},\"potentialAction\":[{\"@type\":\"SearchAction\",\"target\":{\"@type\":\"EntryPoint\",\"urlTemplate\":\"https:\/\/www.cognac-voyer-vaudon.fr\/en\/?s={search_term_string}\"},\"query-input\":{\"@type\":\"PropertyValueSpecification\",\"valueRequired\":true,\"valueName\":\"search_term_string\"}}],\"inLanguage\":\"en-US\"},{\"@type\":\"Organization\",\"@id\":\"https:\/\/www.cognac-voyer-vaudon.fr\/en\/#organization\",\"name\":\"Visits Cognac Voyer Vaudon\",\"url\":\"https:\/\/www.cognac-voyer-vaudon.fr\/en\/\",\"logo\":{\"@type\":\"ImageObject\",\"inLanguage\":\"en-US\",\"@id\":\"https:\/\/www.cognac-voyer-vaudon.fr\/en\/#\/schema\/logo\/image\/\",\"url\":\"https:\/\/www.cognac-voyer-vaudon.fr\/wp-content\/uploads\/2024\/02\/logo-Voyer-vaudon.jpg\",\"contentUrl\":\"https:\/\/www.cognac-voyer-vaudon.fr\/wp-content\/uploads\/2024\/02\/logo-Voyer-vaudon.jpg\",\"width\":665,\"height\":119,\"caption\":\"Visits Cognac Voyer Vaudon\"},\"image\":{\"@id\":\"https:\/\/www.cognac-voyer-vaudon.fr\/en\/#\/schema\/logo\/image\/\"},\"sameAs\":[\"https:\/\/www.facebook.com\/cognacvaudon\",\"https:\/\/www.instagram.com\/cognac_voyer\/\"]}]}<\/script>\n<!-- \/ Yoast SEO plugin. -->","yoast_head_json":{"title":"Cr\u00e8me de fruit au Cognac - P\u00eache Fran\u00e7ois Voyer - Visits Cognac Voyer Vaudon","robots":{"index":"index","follow":"follow","max-snippet":"max-snippet:-1","max-image-preview":"max-image-preview:large","max-video-preview":"max-video-preview:-1"},"canonical":"https:\/\/www.cognac-voyer-vaudon.fr\/en\/produit\/liqueur-creme-de-fruits-peche-de-vigne-francois-voyer\/","schema":{"@context":"https:\/\/schema.org","@graph":[{"@type":"WebPage","@id":"https:\/\/www.cognac-voyer-vaudon.fr\/en\/produit\/liqueur-creme-de-fruits-peche-de-vigne-francois-voyer\/","url":"https:\/\/www.cognac-voyer-vaudon.fr\/en\/produit\/liqueur-creme-de-fruits-peche-de-vigne-francois-voyer\/","name":"Cr\u00e8me de fruit au Cognac - P\u00eache Fran\u00e7ois Voyer - Visits Cognac Voyer Vaudon","isPartOf":{"@id":"https:\/\/www.cognac-voyer-vaudon.fr\/en\/#website"},"primaryImageOfPage":{"@id":"https:\/\/www.cognac-voyer-vaudon.fr\/en\/produit\/liqueur-creme-de-fruits-peche-de-vigne-francois-voyer\/#primaryimage"},"image":{"@id":"https:\/\/www.cognac-voyer-vaudon.fr\/en\/produit\/liqueur-creme-de-fruits-peche-de-vigne-francois-voyer\/#primaryimage"},"thumbnailUrl":"https:\/\/www.cognac-voyer-vaudon.fr\/wp-content\/uploads\/2025\/05\/liqueur2.png","datePublished":"2025-05-07T12:57:51+00:00","dateModified":"2025-05-19T12:49:55+00:00","breadcrumb":{"@id":"https:\/\/www.cognac-voyer-vaudon.fr\/en\/produit\/liqueur-creme-de-fruits-peche-de-vigne-francois-voyer\/#breadcrumb"},"inLanguage":"en-US","potentialAction":[{"@type":"ReadAction","target":["https:\/\/www.cognac-voyer-vaudon.fr\/en\/produit\/liqueur-creme-de-fruits-peche-de-vigne-francois-voyer\/"]}]},{"@type":"ImageObject","inLanguage":"en-US","@id":"https:\/\/www.cognac-voyer-vaudon.fr\/en\/produit\/liqueur-creme-de-fruits-peche-de-vigne-francois-voyer\/#primaryimage","url":"https:\/\/www.cognac-voyer-vaudon.fr\/wp-content\/uploads\/2025\/05\/liqueur2.png","contentUrl":"https:\/\/www.cognac-voyer-vaudon.fr\/wp-content\/uploads\/2025\/05\/liqueur2.png","width":567,"height":464},{"@type":"BreadcrumbList","@id":"https:\/\/www.cognac-voyer-vaudon.fr\/en\/produit\/liqueur-creme-de-fruits-peche-de-vigne-francois-voyer\/#breadcrumb","itemListElement":[{"@type":"ListItem","position":1,"name":"Accueil","item":"https:\/\/www.cognac-voyer-vaudon.fr\/en\/"},{"@type":"ListItem","position":2,"name":"Workshops and visits","item":"https:\/\/www.cognac-voyer-vaudon.fr\/boutique\/"},{"@type":"ListItem","position":3,"name":"Cr\u00e8me de fruit au Cognac &#8211; P\u00eache Fran\u00e7ois Voyer"}]},{"@type":"WebSite","@id":"https:\/\/www.cognac-voyer-vaudon.fr\/en\/#website","url":"https:\/\/www.cognac-voyer-vaudon.fr\/en\/","name":"Visites Cognac Voyer Vaudon","description":"Experiences, visits and workshops at the Domaine Cognac Voyer Vaudon","publisher":{"@id":"https:\/\/www.cognac-voyer-vaudon.fr\/en\/#organization"},"potentialAction":[{"@type":"SearchAction","target":{"@type":"EntryPoint","urlTemplate":"https:\/\/www.cognac-voyer-vaudon.fr\/en\/?s={search_term_string}"},"query-input":{"@type":"PropertyValueSpecification","valueRequired":true,"valueName":"search_term_string"}}],"inLanguage":"en-US"},{"@type":"Organization","@id":"https:\/\/www.cognac-voyer-vaudon.fr\/en\/#organization","name":"Visits Cognac Voyer Vaudon","url":"https:\/\/www.cognac-voyer-vaudon.fr\/en\/","logo":{"@type":"ImageObject","inLanguage":"en-US","@id":"https:\/\/www.cognac-voyer-vaudon.fr\/en\/#\/schema\/logo\/image\/","url":"https:\/\/www.cognac-voyer-vaudon.fr\/wp-content\/uploads\/2024\/02\/logo-Voyer-vaudon.jpg","contentUrl":"https:\/\/www.cognac-voyer-vaudon.fr\/wp-content\/uploads\/2024\/02\/logo-Voyer-vaudon.jpg","width":665,"height":119,"caption":"Visits Cognac Voyer Vaudon"},"image":{"@id":"https:\/\/www.cognac-voyer-vaudon.fr\/en\/#\/schema\/logo\/image\/"},"sameAs":["https:\/\/www.facebook.com\/cognacvaudon","https:\/\/www.instagram.com\/cognac_voyer\/"]}]}},"uagb_featured_image_src":{"full":["https:\/\/www.cognac-voyer-vaudon.fr\/wp-content\/uploads\/2025\/05\/liqueur2.png",567,464,false],"thumbnail":["https:\/\/www.cognac-voyer-vaudon.fr\/wp-content\/uploads\/2025\/05\/liqueur2-150x150.png",150,150,true],"medium":["https:\/\/www.cognac-voyer-vaudon.fr\/wp-content\/uploads\/2025\/05\/liqueur2-300x246.png",300,246,true],"medium_large":["https:\/\/www.cognac-voyer-vaudon.fr\/wp-content\/uploads\/2025\/05\/liqueur2.png",567,464,false],"large":["https:\/\/www.cognac-voyer-vaudon.fr\/wp-content\/uploads\/2025\/05\/liqueur2.png",567,464,false],"1536x1536":["https:\/\/www.cognac-voyer-vaudon.fr\/wp-content\/uploads\/2025\/05\/liqueur2.png",567,464,false],"2048x2048":["https:\/\/www.cognac-voyer-vaudon.fr\/wp-content\/uploads\/2025\/05\/liqueur2.png",567,464,false],"woocommerce_thumbnail":["https:\/\/www.cognac-voyer-vaudon.fr\/wp-content\/uploads\/2025\/05\/liqueur2-300x300.png",300,300,true],"woocommerce_single":["https:\/\/www.cognac-voyer-vaudon.fr\/wp-content\/uploads\/2025\/05\/liqueur2.png",567,464,false],"woocommerce_gallery_thumbnail":["https:\/\/www.cognac-voyer-vaudon.fr\/wp-content\/uploads\/2025\/05\/liqueur2-100x100.png",100,100,true]},"uagb_author_info":{"display_name":"Aur\u00e9lie Barbereau","author_link":"https:\/\/www.cognac-voyer-vaudon.fr\/en\/author\/"},"uagb_comment_info":0,"uagb_excerpt":"Multifacette, notre cr\u00e8me de P\u00eache se savoure \u00e0 l\u2019ap\u00e9ritif, en digestif, en cocktail ou comme touche sucr\u00e9e dans vos desserts maison.","_links":{"self":[{"href":"https:\/\/www.cognac-voyer-vaudon.fr\/en\/wp-json\/wp\/v2\/product\/5820","targetHints":{"allow":["GET"]}}],"collection":[{"href":"https:\/\/www.cognac-voyer-vaudon.fr\/en\/wp-json\/wp\/v2\/product"}],"about":[{"href":"https:\/\/www.cognac-voyer-vaudon.fr\/en\/wp-json\/wp\/v2\/types\/product"}],"replies":[{"embeddable":true,"href":"https:\/\/www.cognac-voyer-vaudon.fr\/en\/wp-json\/wp\/v2\/comments?post=5820"}],"version-history":[{"count":4,"href":"https:\/\/www.cognac-voyer-vaudon.fr\/en\/wp-json\/wp\/v2\/product\/5820\/revisions"}],"predecessor-version":[{"id":5944,"href":"https:\/\/www.cognac-voyer-vaudon.fr\/en\/wp-json\/wp\/v2\/product\/5820\/revisions\/5944"}],"wp:featuredmedia":[{"embeddable":true,"href":"https:\/\/www.cognac-voyer-vaudon.fr\/en\/wp-json\/wp\/v2\/media\/5821"}],"wp:attachment":[{"href":"https:\/\/www.cognac-voyer-vaudon.fr\/en\/wp-json\/wp\/v2\/media?parent=5820"}],"wp:term":[{"taxonomy":"product_brand","embeddable":true,"href":"https:\/\/www.cognac-voyer-vaudon.fr\/en\/wp-json\/wp\/v2\/product_brand?post=5820"},{"taxonomy":"product_cat","embeddable":true,"href":"https:\/\/www.cognac-voyer-vaudon.fr\/en\/wp-json\/wp\/v2\/product_cat?post=5820"},{"taxonomy":"product_tag","embeddable":true,"href":"https:\/\/www.cognac-voyer-vaudon.fr\/en\/wp-json\/wp\/v2\/product_tag?post=5820"}],"curies":[{"name":"wp","href":"https:\/\/api.w.org\/{rel}","templated":true}]}}