{"id":5872,"date":"2025-05-07T12:08:39","date_gmt":"2025-05-07T10:08:39","guid":{"rendered":"https:\/\/www.cognac-voyer-vaudon.fr\/produit\/cognac-xo-1er-cru-francois-voyer\/"},"modified":"2025-05-07T12:08:39","modified_gmt":"2025-05-07T10:08:39","slug":"cognac-xo-1er-cru-francois-voyer","status":"publish","type":"product","link":"https:\/\/www.cognac-voyer-vaudon.fr\/en\/produit\/cognac-xo-1er-cru-francois-voyer\/","title":{"rendered":"Cognac XO 1st Cru Fran\u00e7ois Voyer &#8211; in a gift box"},"content":{"rendered":"<div class=\"wpb_column vc_column_container vc_col-sm-6\">\n<div class=\"vc_column-inner \">\n<div class=\"wpb_wrapper\">\n<div class=\"vc_separator wpb_content_element vc_separator_align_center vc_sep_width_20 vc_sep_border_width_3 vc_sep_pos_align_left vc_separator_no_text\">\n<div class=\"wpb_column vc_column_container vc_col-sm-6\">\n<div class=\"vc_column-inner \">\n<div class=\"wpb_wrapper\">\n<div class=\"kleo_text_column wpb_text_column wpb_content_element \">\n<div class=\"wpb_wrapper\">\n<div class=\"wpb_column vc_column_container vc_col-sm-6\">\n<div class=\"vc_column-inner \">\n<div class=\"wpb_wrapper\">\n<div class=\"kleo_text_column wpb_text_column wpb_content_element \">\n<div class=\"wpb_wrapper\">\n<div class=\"wpb_column vc_column_container vc_col-sm-6\">\n<div class=\"vc_column-inner \">\n<div class=\"wpb_wrapper\">\n<div class=\"kleo_text_column wpb_text_column wpb_content_element \">\n<div class=\"wpb_wrapper\">\n<div class=\"wpb_column vc_column_container vc_col-sm-6\">\n<div class=\"vc_column-inner \">\n<div class=\"wpb_wrapper\">\n<div class=\"kleo_text_column wpb_text_column wpb_content_element \">\n<div class=\"wpb_wrapper\">\n<p><strong>Appellation<\/strong>: Grande Champagne 1er Cru<br \/>\n<strong>Contenance\u00a0<\/strong>: 70cl<br \/>\n<strong>Pr\u00e9sentation\u00a0<\/strong>: Carafe en \u00e9tui<br \/>\n<strong>TAV<\/strong>: 40% Vol.<br \/>\n<strong>Vieillissement indicatif<\/strong>\u00a0: assemblage de plus de plus de 10 ans jusqu\u2019\u00e0 25 ans<br \/>\n<strong>C\u00e9page<\/strong>\u00a0: Ugni Blanc.<\/p>\n<\/div>\n<\/div>\n<div class=\"vc_separator wpb_content_element vc_separator_align_center vc_sep_width_20 vc_sep_border_width_3 vc_sep_pos_align_left vc_separator_no_text\"><\/div>\n<\/div>\n<\/div>\n<\/div>\n<div class=\"wpb_column vc_column_container vc_col-sm-6\">\n<div class=\"vc_column-inner \">\n<div class=\"wpb_wrapper\">\n<div class=\"vc_row wpb_row vc_inner vc_row-fluid vc_custom_1574170732491 vc_row-has-fill\">\n<div class=\"wpb_column vc_column_container vc_col-sm-12\">\n<div class=\"vc_column-inner \">\n<div class=\"wpb_wrapper\">\n<div class=\"wpb_single_image wpb_content_element vc_align_left\">\n<figure class=\"wpb_wrapper vc_figure\">\n<div class=\"vc_single_image-wrapper vc_box_border_grey\"><img fetchpriority=\"high\" decoding=\"async\" class=\"vc_single_image-img attachment-full\" title=\"Francois-Voyer-cognac-fiche-XO-premier-cru-schema-fleural\" src=\"https:\/\/cognac-voyer.fr\/wp-content\/uploads\/2019\/11\/Francois-Voyer-cognac-fiche-XO-premier-cru-schema-fleural.png\" sizes=\"(max-width: 565px) 100vw, 565px\" srcset=\"https:\/\/cognac-voyer.fr\/wp-content\/uploads\/2019\/11\/Francois-Voyer-cognac-fiche-XO-premier-cru-schema-fleural.png 565w, https:\/\/cognac-voyer.fr\/wp-content\/uploads\/2019\/11\/Francois-Voyer-cognac-fiche-XO-premier-cru-schema-fleural-300x135.png 300w\" alt=\"\" width=\"565\" height=\"254\" \/><\/div>\n<\/figure>\n<\/div>\n<\/div>\n<\/div>\n<\/div>\n<\/div>\n<div class=\"vc_row wpb_row vc_inner vc_row-fluid vc_custom_1574171442131 vc_row-has-fill\">\n<div class=\"wpb_column vc_column_container vc_col-sm-3\">\n<div class=\"vc_column-inner \">\n<div class=\"wpb_wrapper\">\n<div class=\"kleo_text_column wpb_text_column wpb_content_element majuscules constancia-bold responsive-left\" data-uid=\"681b315ebf19e\">\n<div class=\"wpb_wrapper\">\n<p>&nbsp;<\/p>\n<p>&nbsp;<\/p>\n<p><strong>Couleur : <\/strong><span style=\"font-size: 16px;\">Ambr\u00e9e, avec une nuance vieil or<\/span><\/p>\n<\/div>\n<\/div>\n<\/div>\n<\/div>\n<\/div>\n<\/div>\n<div class=\"vc_row wpb_row vc_inner vc_row-fluid vc_custom_1574171015747 vc_row-has-fill\">\n<div class=\"wpb_column vc_column_container vc_col-sm-3\">\n<div class=\"vc_column-inner \">\n<div class=\"wpb_wrapper\">\n<div class=\"kleo_text_column wpb_text_column wpb_content_element majuscules constancia-bold responsive-left\">\n<div class=\"wpb_wrapper\">\n<p><strong>Ar\u00f4mes :\u00a0 <\/strong><span style=\"font-size: 16px;\">P\u00eache de vigne, prune et pate de coing, \u00e9quilibr\u00e9 entre le fruit et le bois avec des notes de vanille<\/span><\/p>\n<\/div>\n<\/div>\n<\/div>\n<\/div>\n<\/div>\n<\/div>\n<div class=\"vc_row wpb_row vc_inner vc_row-fluid vc_custom_1574171422811 vc_row-has-fill\">\n<div class=\"wpb_column vc_column_container vc_col-sm-3\">\n<div class=\"vc_column-inner \">\n<div class=\"wpb_wrapper\">\n<div class=\"kleo_text_column wpb_text_column wpb_content_element majuscules constancia-bold responsive-left\">\n<div class=\"wpb_wrapper\">\n<p><strong>Bouche :\u00a0 <\/strong><span style=\"font-size: 16px;\">Grande \u00e9l\u00e9gance avec des notes bois\u00e9es et fruit\u00e9es souples mais puissantes<\/span><\/p>\n<\/div>\n<\/div>\n<\/div>\n<\/div>\n<\/div>\n<\/div>\n<\/div>\n<\/div>\n<\/div>\n<\/div>\n<\/div>\n<\/div>\n<\/div>\n<\/div>\n<\/div>\n<\/div>\n<\/div>\n<\/div>\n<\/div>\n<\/div>\n<\/div>\n<\/div>\n<\/div>\n<\/div>\n<\/div>\n<\/div>\n<\/div>\n<\/div>\n","protected":false},"excerpt":{"rendered":"<p>This XO reveals subtle aromas and a long-lasting finish. A harmonious cognac, perfect to savor on its own or to give as a gift.<\/p>\n","protected":false},"featured_media":5777,"comment_status":"closed","ping_status":"closed","template":"","meta":{"_uag_custom_page_level_css":"","site-sidebar-layout":"default","site-content-layout":"","ast-site-content-layout":"default","site-content-style":"default","site-sidebar-style":"default","ast-global-header-display":"","ast-banner-title-visibility":"","ast-main-header-display":"","ast-hfb-above-header-display":"","ast-hfb-below-header-display":"","ast-hfb-mobile-header-display":"","site-post-title":"","ast-breadcrumbs-content":"","ast-featured-img":"","footer-sml-layout":"","theme-transparent-header-meta":"default","adv-header-id-meta":"","stick-header-meta":"","header-above-stick-meta":"","header-main-stick-meta":"","header-below-stick-meta":"","astra-migrate-meta-layouts":"default","ast-page-background-enabled":"default","ast-page-background-meta":{"desktop":{"background-color":"","background-image":"","background-repeat":"repeat","background-position":"center center","background-size":"auto","background-attachment":"scroll","background-type":"","background-media":"","overlay-type":"","overlay-color":"","overlay-gradient":""},"tablet":{"background-color":"","background-image":"","background-repeat":"repeat","background-position":"center center","background-size":"auto","background-attachment":"scroll","background-type":"","background-media":"","overlay-type":"","overlay-color":"","overlay-gradient":""},"mobile":{"background-color":"","background-image":"","background-repeat":"repeat","background-position":"center center","background-size":"auto","background-attachment":"scroll","background-type":"","background-media":"","overlay-type":"","overlay-color":"","overlay-gradient":""}},"ast-content-background-meta":{"desktop":{"background-color":"var(--ast-global-color-5)","background-image":"","background-repeat":"repeat","background-position":"center center","background-size":"auto","background-attachment":"scroll","background-type":"","background-media":"","overlay-type":"","overlay-color":"","overlay-gradient":""},"tablet":{"background-color":"var(--ast-global-color-5)","background-image":"","background-repeat":"repeat","background-position":"center center","background-size":"auto","background-attachment":"scroll","background-type":"","background-media":"","overlay-type":"","overlay-color":"","overlay-gradient":""},"mobile":{"background-color":"var(--ast-global-color-5)","background-image":"","background-repeat":"repeat","background-position":"center center","background-size":"auto","background-attachment":"scroll","background-type":"","background-media":"","overlay-type":"","overlay-color":"","overlay-gradient":""}}},"product_brand":[],"product_cat":[100,97],"product_tag":[],"class_list":{"0":"post-5872","1":"product","2":"type-product","3":"status-publish","4":"has-post-thumbnail","6":"product_cat-francois-voyer-en","7":"product_cat-our-products","8":"product_shipping_class-bottles","9":"desktop-align-center","10":"tablet-align-left","11":"mobile-align-left","13":"first","14":"instock","15":"taxable","16":"shipping-taxable","17":"purchasable","18":"product-type-simple"},"yoast_head":"<!-- This site is optimized with the Yoast SEO plugin v25.0 - https:\/\/yoast.com\/wordpress\/plugins\/seo\/ -->\n<title>Cognac XO 1st Cru Fran\u00e7ois Voyer - in a gift box - Visits Cognac Voyer Vaudon<\/title>\n<meta name=\"robots\" content=\"index, follow, max-snippet:-1, max-image-preview:large, max-video-preview:-1\" \/>\n<link rel=\"canonical\" href=\"https:\/\/www.cognac-voyer-vaudon.fr\/en\/produit\/cognac-xo-1er-cru-francois-voyer\/\" \/>\n<script type=\"application\/ld+json\" class=\"yoast-schema-graph\">{\"@context\":\"https:\/\/schema.org\",\"@graph\":[{\"@type\":\"WebPage\",\"@id\":\"https:\/\/www.cognac-voyer-vaudon.fr\/en\/produit\/cognac-xo-1er-cru-francois-voyer\/\",\"url\":\"https:\/\/www.cognac-voyer-vaudon.fr\/en\/produit\/cognac-xo-1er-cru-francois-voyer\/\",\"name\":\"Cognac XO 1st Cru Fran\u00e7ois Voyer - in a gift box - Visits Cognac Voyer Vaudon\",\"isPartOf\":{\"@id\":\"https:\/\/www.cognac-voyer-vaudon.fr\/en\/#website\"},\"primaryImageOfPage\":{\"@id\":\"https:\/\/www.cognac-voyer-vaudon.fr\/en\/produit\/cognac-xo-1er-cru-francois-voyer\/#primaryimage\"},\"image\":{\"@id\":\"https:\/\/www.cognac-voyer-vaudon.fr\/en\/produit\/cognac-xo-1er-cru-francois-voyer\/#primaryimage\"},\"thumbnailUrl\":\"https:\/\/www.cognac-voyer-vaudon.fr\/wp-content\/uploads\/2025\/05\/produit5.png\",\"datePublished\":\"2025-05-07T10:08:39+00:00\",\"breadcrumb\":{\"@id\":\"https:\/\/www.cognac-voyer-vaudon.fr\/en\/produit\/cognac-xo-1er-cru-francois-voyer\/#breadcrumb\"},\"inLanguage\":\"en-US\",\"potentialAction\":[{\"@type\":\"ReadAction\",\"target\":[\"https:\/\/www.cognac-voyer-vaudon.fr\/en\/produit\/cognac-xo-1er-cru-francois-voyer\/\"]}]},{\"@type\":\"ImageObject\",\"inLanguage\":\"en-US\",\"@id\":\"https:\/\/www.cognac-voyer-vaudon.fr\/en\/produit\/cognac-xo-1er-cru-francois-voyer\/#primaryimage\",\"url\":\"https:\/\/www.cognac-voyer-vaudon.fr\/wp-content\/uploads\/2025\/05\/produit5.png\",\"contentUrl\":\"https:\/\/www.cognac-voyer-vaudon.fr\/wp-content\/uploads\/2025\/05\/produit5.png\",\"width\":565,\"height\":464},{\"@type\":\"BreadcrumbList\",\"@id\":\"https:\/\/www.cognac-voyer-vaudon.fr\/en\/produit\/cognac-xo-1er-cru-francois-voyer\/#breadcrumb\",\"itemListElement\":[{\"@type\":\"ListItem\",\"position\":1,\"name\":\"Accueil\",\"item\":\"https:\/\/www.cognac-voyer-vaudon.fr\/en\/\"},{\"@type\":\"ListItem\",\"position\":2,\"name\":\"Workshops and visits\",\"item\":\"https:\/\/www.cognac-voyer-vaudon.fr\/boutique\/\"},{\"@type\":\"ListItem\",\"position\":3,\"name\":\"Cognac XO 1st Cru Fran\u00e7ois Voyer &#8211; in a gift box\"}]},{\"@type\":\"WebSite\",\"@id\":\"https:\/\/www.cognac-voyer-vaudon.fr\/en\/#website\",\"url\":\"https:\/\/www.cognac-voyer-vaudon.fr\/en\/\",\"name\":\"Visites Cognac Voyer Vaudon\",\"description\":\"Experiences, visits and workshops at the Domaine Cognac Voyer Vaudon\",\"publisher\":{\"@id\":\"https:\/\/www.cognac-voyer-vaudon.fr\/en\/#organization\"},\"potentialAction\":[{\"@type\":\"SearchAction\",\"target\":{\"@type\":\"EntryPoint\",\"urlTemplate\":\"https:\/\/www.cognac-voyer-vaudon.fr\/en\/?s={search_term_string}\"},\"query-input\":{\"@type\":\"PropertyValueSpecification\",\"valueRequired\":true,\"valueName\":\"search_term_string\"}}],\"inLanguage\":\"en-US\"},{\"@type\":\"Organization\",\"@id\":\"https:\/\/www.cognac-voyer-vaudon.fr\/en\/#organization\",\"name\":\"Visits Cognac Voyer Vaudon\",\"url\":\"https:\/\/www.cognac-voyer-vaudon.fr\/en\/\",\"logo\":{\"@type\":\"ImageObject\",\"inLanguage\":\"en-US\",\"@id\":\"https:\/\/www.cognac-voyer-vaudon.fr\/en\/#\/schema\/logo\/image\/\",\"url\":\"https:\/\/www.cognac-voyer-vaudon.fr\/wp-content\/uploads\/2024\/02\/logo-Voyer-vaudon.jpg\",\"contentUrl\":\"https:\/\/www.cognac-voyer-vaudon.fr\/wp-content\/uploads\/2024\/02\/logo-Voyer-vaudon.jpg\",\"width\":665,\"height\":119,\"caption\":\"Visits Cognac Voyer Vaudon\"},\"image\":{\"@id\":\"https:\/\/www.cognac-voyer-vaudon.fr\/en\/#\/schema\/logo\/image\/\"},\"sameAs\":[\"https:\/\/www.facebook.com\/cognacvaudon\",\"https:\/\/www.instagram.com\/cognac_voyer\/\"]}]}<\/script>\n<!-- \/ Yoast SEO plugin. -->","yoast_head_json":{"title":"Cognac XO 1st Cru Fran\u00e7ois Voyer - in a gift box - Visits Cognac Voyer Vaudon","robots":{"index":"index","follow":"follow","max-snippet":"max-snippet:-1","max-image-preview":"max-image-preview:large","max-video-preview":"max-video-preview:-1"},"canonical":"https:\/\/www.cognac-voyer-vaudon.fr\/en\/produit\/cognac-xo-1er-cru-francois-voyer\/","schema":{"@context":"https:\/\/schema.org","@graph":[{"@type":"WebPage","@id":"https:\/\/www.cognac-voyer-vaudon.fr\/en\/produit\/cognac-xo-1er-cru-francois-voyer\/","url":"https:\/\/www.cognac-voyer-vaudon.fr\/en\/produit\/cognac-xo-1er-cru-francois-voyer\/","name":"Cognac XO 1st Cru Fran\u00e7ois Voyer - in a gift box - Visits Cognac Voyer Vaudon","isPartOf":{"@id":"https:\/\/www.cognac-voyer-vaudon.fr\/en\/#website"},"primaryImageOfPage":{"@id":"https:\/\/www.cognac-voyer-vaudon.fr\/en\/produit\/cognac-xo-1er-cru-francois-voyer\/#primaryimage"},"image":{"@id":"https:\/\/www.cognac-voyer-vaudon.fr\/en\/produit\/cognac-xo-1er-cru-francois-voyer\/#primaryimage"},"thumbnailUrl":"https:\/\/www.cognac-voyer-vaudon.fr\/wp-content\/uploads\/2025\/05\/produit5.png","datePublished":"2025-05-07T10:08:39+00:00","breadcrumb":{"@id":"https:\/\/www.cognac-voyer-vaudon.fr\/en\/produit\/cognac-xo-1er-cru-francois-voyer\/#breadcrumb"},"inLanguage":"en-US","potentialAction":[{"@type":"ReadAction","target":["https:\/\/www.cognac-voyer-vaudon.fr\/en\/produit\/cognac-xo-1er-cru-francois-voyer\/"]}]},{"@type":"ImageObject","inLanguage":"en-US","@id":"https:\/\/www.cognac-voyer-vaudon.fr\/en\/produit\/cognac-xo-1er-cru-francois-voyer\/#primaryimage","url":"https:\/\/www.cognac-voyer-vaudon.fr\/wp-content\/uploads\/2025\/05\/produit5.png","contentUrl":"https:\/\/www.cognac-voyer-vaudon.fr\/wp-content\/uploads\/2025\/05\/produit5.png","width":565,"height":464},{"@type":"BreadcrumbList","@id":"https:\/\/www.cognac-voyer-vaudon.fr\/en\/produit\/cognac-xo-1er-cru-francois-voyer\/#breadcrumb","itemListElement":[{"@type":"ListItem","position":1,"name":"Accueil","item":"https:\/\/www.cognac-voyer-vaudon.fr\/en\/"},{"@type":"ListItem","position":2,"name":"Workshops and visits","item":"https:\/\/www.cognac-voyer-vaudon.fr\/boutique\/"},{"@type":"ListItem","position":3,"name":"Cognac XO 1st Cru Fran\u00e7ois Voyer &#8211; in a gift box"}]},{"@type":"WebSite","@id":"https:\/\/www.cognac-voyer-vaudon.fr\/en\/#website","url":"https:\/\/www.cognac-voyer-vaudon.fr\/en\/","name":"Visites Cognac Voyer Vaudon","description":"Experiences, visits and workshops at the Domaine Cognac Voyer Vaudon","publisher":{"@id":"https:\/\/www.cognac-voyer-vaudon.fr\/en\/#organization"},"potentialAction":[{"@type":"SearchAction","target":{"@type":"EntryPoint","urlTemplate":"https:\/\/www.cognac-voyer-vaudon.fr\/en\/?s={search_term_string}"},"query-input":{"@type":"PropertyValueSpecification","valueRequired":true,"valueName":"search_term_string"}}],"inLanguage":"en-US"},{"@type":"Organization","@id":"https:\/\/www.cognac-voyer-vaudon.fr\/en\/#organization","name":"Visits Cognac Voyer Vaudon","url":"https:\/\/www.cognac-voyer-vaudon.fr\/en\/","logo":{"@type":"ImageObject","inLanguage":"en-US","@id":"https:\/\/www.cognac-voyer-vaudon.fr\/en\/#\/schema\/logo\/image\/","url":"https:\/\/www.cognac-voyer-vaudon.fr\/wp-content\/uploads\/2024\/02\/logo-Voyer-vaudon.jpg","contentUrl":"https:\/\/www.cognac-voyer-vaudon.fr\/wp-content\/uploads\/2024\/02\/logo-Voyer-vaudon.jpg","width":665,"height":119,"caption":"Visits Cognac Voyer Vaudon"},"image":{"@id":"https:\/\/www.cognac-voyer-vaudon.fr\/en\/#\/schema\/logo\/image\/"},"sameAs":["https:\/\/www.facebook.com\/cognacvaudon","https:\/\/www.instagram.com\/cognac_voyer\/"]}]}},"uagb_featured_image_src":{"full":["https:\/\/www.cognac-voyer-vaudon.fr\/wp-content\/uploads\/2025\/05\/produit5.png",565,464,false],"thumbnail":["https:\/\/www.cognac-voyer-vaudon.fr\/wp-content\/uploads\/2025\/05\/produit5-150x150.png",150,150,true],"medium":["https:\/\/www.cognac-voyer-vaudon.fr\/wp-content\/uploads\/2025\/05\/produit5-300x246.png",300,246,true],"medium_large":["https:\/\/www.cognac-voyer-vaudon.fr\/wp-content\/uploads\/2025\/05\/produit5.png",565,464,false],"large":["https:\/\/www.cognac-voyer-vaudon.fr\/wp-content\/uploads\/2025\/05\/produit5.png",565,464,false],"1536x1536":["https:\/\/www.cognac-voyer-vaudon.fr\/wp-content\/uploads\/2025\/05\/produit5.png",565,464,false],"2048x2048":["https:\/\/www.cognac-voyer-vaudon.fr\/wp-content\/uploads\/2025\/05\/produit5.png",565,464,false],"woocommerce_thumbnail":["https:\/\/www.cognac-voyer-vaudon.fr\/wp-content\/uploads\/2025\/05\/produit5-300x300.png",300,300,true],"woocommerce_single":["https:\/\/www.cognac-voyer-vaudon.fr\/wp-content\/uploads\/2025\/05\/produit5.png",565,464,false],"woocommerce_gallery_thumbnail":["https:\/\/www.cognac-voyer-vaudon.fr\/wp-content\/uploads\/2025\/05\/produit5-100x100.png",100,100,true]},"uagb_author_info":{"display_name":"Aur\u00e9lie Barbereau","author_link":"https:\/\/www.cognac-voyer-vaudon.fr\/en\/author\/"},"uagb_comment_info":0,"uagb_excerpt":"This XO reveals subtle aromas and a long-lasting finish. A harmonious cognac, perfect to savor on its own or to give as a gift.","_links":{"self":[{"href":"https:\/\/www.cognac-voyer-vaudon.fr\/en\/wp-json\/wp\/v2\/product\/5872","targetHints":{"allow":["GET"]}}],"collection":[{"href":"https:\/\/www.cognac-voyer-vaudon.fr\/en\/wp-json\/wp\/v2\/product"}],"about":[{"href":"https:\/\/www.cognac-voyer-vaudon.fr\/en\/wp-json\/wp\/v2\/types\/product"}],"replies":[{"embeddable":true,"href":"https:\/\/www.cognac-voyer-vaudon.fr\/en\/wp-json\/wp\/v2\/comments?post=5872"}],"version-history":[{"count":0,"href":"https:\/\/www.cognac-voyer-vaudon.fr\/en\/wp-json\/wp\/v2\/product\/5872\/revisions"}],"wp:featuredmedia":[{"embeddable":true,"href":"https:\/\/www.cognac-voyer-vaudon.fr\/en\/wp-json\/wp\/v2\/media\/5777"}],"wp:attachment":[{"href":"https:\/\/www.cognac-voyer-vaudon.fr\/en\/wp-json\/wp\/v2\/media?parent=5872"}],"wp:term":[{"taxonomy":"product_brand","embeddable":true,"href":"https:\/\/www.cognac-voyer-vaudon.fr\/en\/wp-json\/wp\/v2\/product_brand?post=5872"},{"taxonomy":"product_cat","embeddable":true,"href":"https:\/\/www.cognac-voyer-vaudon.fr\/en\/wp-json\/wp\/v2\/product_cat?post=5872"},{"taxonomy":"product_tag","embeddable":true,"href":"https:\/\/www.cognac-voyer-vaudon.fr\/en\/wp-json\/wp\/v2\/product_tag?post=5872"}],"curies":[{"name":"wp","href":"https:\/\/api.w.org\/{rel}","templated":true}]}}