{"id":5904,"date":"2025-05-19T11:12:01","date_gmt":"2025-05-19T09:12:01","guid":{"rendered":"https:\/\/www.cognac-voyer-vaudon.fr\/?post_type=product&#038;p=5904"},"modified":"2025-05-19T11:13:40","modified_gmt":"2025-05-19T09:13:40","slug":"cognac-extra-francois-voyer-bouteille-en-etui","status":"publish","type":"product","link":"https:\/\/www.cognac-voyer-vaudon.fr\/en\/produit\/cognac-extra-francois-voyer-bouteille-en-etui\/","title":{"rendered":"Cognac Extra Fran\u00e7ois Voyer &#8211; Bouteille en \u00e9tui"},"content":{"rendered":"<div class=\"wpb_column vc_column_container vc_col-sm-6\">\n<div class=\"vc_column-inner \">\n<div class=\"wpb_wrapper\">\n<div class=\"vc_separator wpb_content_element vc_separator_align_center vc_sep_width_20 vc_sep_border_width_3 vc_sep_pos_align_left vc_separator_no_text\">\n<div class=\"wpb_column vc_column_container vc_col-sm-6\">\n<div class=\"vc_column-inner \">\n<div class=\"wpb_wrapper\">\n<div class=\"kleo_text_column wpb_text_column wpb_content_element \">\n<div class=\"wpb_wrapper\">\n<div class=\"wpb_column vc_column_container vc_col-sm-6\">\n<div class=\"vc_column-inner \">\n<div class=\"wpb_wrapper\">\n<div class=\"kleo_text_column wpb_text_column wpb_content_element \">\n<div class=\"wpb_wrapper\">\n<div class=\"wpb_column vc_column_container vc_col-sm-6\">\n<div class=\"vc_column-inner \">\n<div class=\"wpb_wrapper\">\n<div class=\"kleo_text_column wpb_text_column wpb_content_element \">\n<div class=\"wpb_wrapper\">\n<div class=\"wpb_column vc_column_container vc_col-sm-6\">\n<div class=\"vc_column-inner \">\n<div class=\"wpb_wrapper\">\n<div class=\"kleo_text_column wpb_text_column wpb_content_element \">\n<div class=\"wpb_wrapper\">\n<div class=\"wpb_column vc_column_container vc_col-sm-6\">\n<div class=\"vc_column-inner \">\n<div class=\"wpb_wrapper\">\n<div class=\"kleo_text_column wpb_text_column wpb_content_element \">\n<div class=\"wpb_wrapper\">\n<div class=\"wpb_column vc_column_container vc_col-sm-6\">\n<div class=\"vc_column-inner \">\n<div class=\"wpb_wrapper\">\n<div class=\"kleo_text_column wpb_text_column wpb_content_element \">\n<div class=\"wpb_wrapper\">\n<p><strong>Appelation:<\/strong>\u00a0Grande Champagne 1er Cru<br \/>\n<strong>Contenance :<\/strong>\u00a070cl<br \/>\n<strong>Pr\u00e9sentation :<\/strong> Bouteille en \u00e9tui<br \/>\n<strong>TAV :<\/strong>\u00a042% Vol.<br \/>\n<strong>Vieillissement indicatif :<\/strong>\u00a0assemblage de plus de 10 ans jusqu\u2019\u00e0 45 ans<br \/>\n<strong>C\u00e9page :<\/strong>\u00a0Ugni Blanc<\/p>\n<\/div>\n<\/div>\n<div class=\"vc_separator wpb_content_element vc_separator_align_center vc_sep_width_20 vc_sep_border_width_3 vc_sep_pos_align_left vc_separator_no_text\"><\/div>\n<\/div>\n<\/div>\n<\/div>\n<div class=\"wpb_column vc_column_container vc_col-sm-6\">\n<div class=\"vc_column-inner \">\n<div class=\"wpb_wrapper\">\n<div class=\"vc_row wpb_row vc_inner vc_row-fluid vc_custom_1574170732491 vc_row-has-fill\">\n<div class=\"wpb_column vc_column_container vc_col-sm-12\">\n<div class=\"vc_column-inner \">\n<div class=\"wpb_wrapper\">\n<div class=\"wpb_single_image wpb_content_element vc_align_left\">\n<figure class=\"wpb_wrapper vc_figure\">\n<div class=\"vc_single_image-wrapper vc_box_border_grey\"><img fetchpriority=\"high\" decoding=\"async\" class=\"vc_single_image-img attachment-full\" title=\"Francois-Voyer-cognac-fiche-EXTRA-schema-fleural\" src=\"https:\/\/cognac-voyer.fr\/wp-content\/uploads\/2019\/11\/Francois-Voyer-cognac-fiche-EXTRA-schema-fleural.png\" sizes=\"(max-width: 565px) 100vw, 565px\" srcset=\"https:\/\/cognac-voyer.fr\/wp-content\/uploads\/2019\/11\/Francois-Voyer-cognac-fiche-EXTRA-schema-fleural.png 565w, https:\/\/cognac-voyer.fr\/wp-content\/uploads\/2019\/11\/Francois-Voyer-cognac-fiche-EXTRA-schema-fleural-300x135.png 300w\" alt=\"Francois-Voyer-cognac-fiche-EXTRA-schema-fleural\" width=\"565\" height=\"254\" \/><\/div>\n<\/figure>\n<\/div>\n<\/div>\n<\/div>\n<\/div>\n<\/div>\n<div class=\"vc_row wpb_row vc_inner vc_row-fluid vc_custom_1574171442131 vc_row-has-fill\">\n<div class=\"wpb_column vc_column_container vc_col-sm-3\">\n<div class=\"vc_column-inner \">\n<div class=\"wpb_wrapper\">\n<div class=\"kleo_text_column wpb_text_column wpb_content_element majuscules constancia-bold responsive-left\" data-uid=\"681b374b7a99e\">\n<div class=\"wpb_wrapper\">\n<p>&nbsp;<\/p>\n<p>&nbsp;<\/p>\n<p>Couleur : <span style=\"font-size: 16px;\">Acajou fonc\u00e9<\/span><\/p>\n<\/div>\n<\/div>\n<\/div>\n<\/div>\n<\/div>\n<\/div>\n<div class=\"vc_row wpb_row vc_inner vc_row-fluid vc_custom_1574171015747 vc_row-has-fill\">\n<div class=\"wpb_column vc_column_container vc_col-sm-3\">\n<div class=\"vc_column-inner \">\n<div class=\"wpb_wrapper\">\n<div class=\"kleo_text_column wpb_text_column wpb_content_element majuscules constancia-bold responsive-left\">\n<div class=\"wpb_wrapper\">\n<p>Ar\u00f4mes : <span style=\"font-size: 16px;\">Cannelle, girofle, vanille, \u00e9pices, fruits secs, boite \u00e0 cigares<\/span><\/p>\n<\/div>\n<\/div>\n<\/div>\n<\/div>\n<\/div>\n<\/div>\n<div class=\"vc_row wpb_row vc_inner vc_row-fluid vc_custom_1574171422811 vc_row-has-fill\">\n<div class=\"wpb_column vc_column_container vc_col-sm-3\">\n<div class=\"vc_column-inner \">\n<div class=\"wpb_wrapper\">\n<div class=\"kleo_text_column wpb_text_column wpb_content_element majuscules constancia-bold responsive-left\">\n<div class=\"wpb_wrapper\">\n<p>Bouche : <span style=\"font-size: 16px;\">Un long et complexe d\u00e9veloppement de saveurs<\/span><\/p>\n<\/div>\n<\/div>\n<\/div>\n<\/div>\n<\/div>\n<\/div>\n<div class=\"vc_row wpb_row vc_inner vc_row-fluid vc_custom_1574171422811 vc_row-has-fill\">\n<div class=\"wpb_column vc_column_container vc_col-sm-3\">\n<div class=\"vc_column-inner \">\n<div class=\"wpb_wrapper\">\n<div class=\"kleo_text_column wpb_text_column wpb_content_element majuscules constancia-bold responsive-left\">\n<div class=\"wpb_wrapper\">\n<p>Dur\u00e9e <span style=\"font-size: 16px;\">de d\u00e9gustation :\u00a0 1cl\/15min<\/span><\/p>\n<\/div>\n<\/div>\n<\/div>\n<\/div>\n<\/div>\n<div class=\"wpb_column vc_column_container vc_col-sm-9\">\n<div class=\"vc_column-inner \">\n<div class=\"wpb_wrapper\">\n<div class=\"kleo_text_column wpb_text_column wpb_content_element \">\n<div class=\"wpb_wrapper\">\n<p>&nbsp;<\/p>\n<p>&nbsp;<\/p>\n<p><img decoding=\"async\" class=\"vc_single_image-img attachment-full\" style=\"font-style: inherit; font-weight: inherit;\" title=\"Francois-Voyer-cognac-fiche-EXTRA-medailles\" src=\"https:\/\/cognac-voyer.fr\/wp-content\/uploads\/2019\/11\/Francois-Voyer-cognac-fiche-EXTRA-medailles.jpg\" sizes=\"(max-width: 600px) 100vw, 600px\" srcset=\"https:\/\/cognac-voyer.fr\/wp-content\/uploads\/2019\/11\/Francois-Voyer-cognac-fiche-EXTRA-medailles.jpg 600w, https:\/\/cognac-voyer.fr\/wp-content\/uploads\/2019\/11\/Francois-Voyer-cognac-fiche-EXTRA-medailles-300x105.jpg 300w\" alt=\"Francois-Voyer-cognac-fiche-EXTRA-medailles\" width=\"600\" height=\"210\" \/><\/p>\n<\/div>\n<\/div>\n<\/div>\n<\/div>\n<\/div>\n<\/div>\n<\/div>\n<\/div>\n<\/div>\n<\/div>\n<\/div>\n<\/div>\n<\/div>\n<\/div>\n<\/div>\n<\/div>\n<\/div>\n<\/div>\n<\/div>\n<\/div>\n<\/div>\n<\/div>\n<\/div>\n<\/div>\n<\/div>\n<\/div>\n<\/div>\n<\/div>\n<\/div>\n<\/div>\n<\/div>\n<\/div>\n<\/div>\n<\/div>\n<\/div>\n<\/div>\n<\/div>\n<\/div>\n","protected":false},"excerpt":{"rendered":"<p>Puissant et riche, ce cognac \u00e0 42 % r\u00e9v\u00e8le une palette d\u2019ar\u00f4mes exotiques et \u00e9pic\u00e9s. Id\u00e9al pour des instants de m\u00e9ditation ou de d\u00e9gustation intense.<\/p>\n","protected":false},"featured_media":5899,"comment_status":"closed","ping_status":"closed","template":"","meta":{"_uag_custom_page_level_css":"","site-sidebar-layout":"default","site-content-layout":"","ast-site-content-layout":"default","site-content-style":"default","site-sidebar-style":"default","ast-global-header-display":"","ast-banner-title-visibility":"","ast-main-header-display":"","ast-hfb-above-header-display":"","ast-hfb-below-header-display":"","ast-hfb-mobile-header-display":"","site-post-title":"","ast-breadcrumbs-content":"","ast-featured-img":"","footer-sml-layout":"","theme-transparent-header-meta":"default","adv-header-id-meta":"","stick-header-meta":"","header-above-stick-meta":"","header-main-stick-meta":"","header-below-stick-meta":"","astra-migrate-meta-layouts":"set","ast-page-background-enabled":"default","ast-page-background-meta":{"desktop":{"background-color":"","background-image":"","background-repeat":"repeat","background-position":"center center","background-size":"auto","background-attachment":"scroll","background-type":"","background-media":"","overlay-type":"","overlay-color":"","overlay-gradient":""},"tablet":{"background-color":"","background-image":"","background-repeat":"repeat","background-position":"center center","background-size":"auto","background-attachment":"scroll","background-type":"","background-media":"","overlay-type":"","overlay-color":"","overlay-gradient":""},"mobile":{"background-color":"","background-image":"","background-repeat":"repeat","background-position":"center center","background-size":"auto","background-attachment":"scroll","background-type":"","background-media":"","overlay-type":"","overlay-color":"","overlay-gradient":""}},"ast-content-background-meta":{"desktop":{"background-color":"var(--ast-global-color-5)","background-image":"","background-repeat":"repeat","background-position":"center center","background-size":"auto","background-attachment":"scroll","background-type":"","background-media":"","overlay-type":"","overlay-color":"","overlay-gradient":""},"tablet":{"background-color":"var(--ast-global-color-5)","background-image":"","background-repeat":"repeat","background-position":"center center","background-size":"auto","background-attachment":"scroll","background-type":"","background-media":"","overlay-type":"","overlay-color":"","overlay-gradient":""},"mobile":{"background-color":"var(--ast-global-color-5)","background-image":"","background-repeat":"repeat","background-position":"center center","background-size":"auto","background-attachment":"scroll","background-type":"","background-media":"","overlay-type":"","overlay-color":"","overlay-gradient":""}}},"product_brand":[],"product_cat":[92,91],"product_tag":[],"class_list":{"0":"post-5904","1":"product","2":"type-product","3":"status-publish","4":"has-post-thumbnail","6":"product_cat-francois-voyer","7":"product_cat-nos-produits","8":"product_shipping_class-bouteilles","9":"desktop-align-center","10":"tablet-align-left","11":"mobile-align-left","13":"first","14":"instock","15":"taxable","16":"shipping-taxable","17":"purchasable","18":"product-type-simple"},"yoast_head":"<!-- This site is optimized with the Yoast SEO plugin v25.0 - https:\/\/yoast.com\/wordpress\/plugins\/seo\/ -->\n<title>Cognac Extra Fran\u00e7ois Voyer - Bouteille en \u00e9tui - Visits Cognac Voyer Vaudon<\/title>\n<meta name=\"robots\" content=\"index, follow, max-snippet:-1, max-image-preview:large, max-video-preview:-1\" \/>\n<link rel=\"canonical\" href=\"https:\/\/www.cognac-voyer-vaudon.fr\/en\/produit\/cognac-extra-francois-voyer-bouteille-en-etui\/\" \/>\n<script type=\"application\/ld+json\" class=\"yoast-schema-graph\">{\"@context\":\"https:\/\/schema.org\",\"@graph\":[{\"@type\":\"WebPage\",\"@id\":\"https:\/\/www.cognac-voyer-vaudon.fr\/en\/produit\/cognac-extra-francois-voyer-bouteille-en-etui\/\",\"url\":\"https:\/\/www.cognac-voyer-vaudon.fr\/en\/produit\/cognac-extra-francois-voyer-bouteille-en-etui\/\",\"name\":\"Cognac Extra Fran\u00e7ois Voyer - Bouteille en \u00e9tui - Visits Cognac Voyer Vaudon\",\"isPartOf\":{\"@id\":\"https:\/\/www.cognac-voyer-vaudon.fr\/en\/#website\"},\"primaryImageOfPage\":{\"@id\":\"https:\/\/www.cognac-voyer-vaudon.fr\/en\/produit\/cognac-extra-francois-voyer-bouteille-en-etui\/#primaryimage\"},\"image\":{\"@id\":\"https:\/\/www.cognac-voyer-vaudon.fr\/en\/produit\/cognac-extra-francois-voyer-bouteille-en-etui\/#primaryimage\"},\"thumbnailUrl\":\"https:\/\/www.cognac-voyer-vaudon.fr\/wp-content\/uploads\/2025\/05\/Extra-btle-etui.jpg\",\"datePublished\":\"2025-05-19T09:12:01+00:00\",\"dateModified\":\"2025-05-19T09:13:40+00:00\",\"breadcrumb\":{\"@id\":\"https:\/\/www.cognac-voyer-vaudon.fr\/en\/produit\/cognac-extra-francois-voyer-bouteille-en-etui\/#breadcrumb\"},\"inLanguage\":\"en-US\",\"potentialAction\":[{\"@type\":\"ReadAction\",\"target\":[\"https:\/\/www.cognac-voyer-vaudon.fr\/en\/produit\/cognac-extra-francois-voyer-bouteille-en-etui\/\"]}]},{\"@type\":\"ImageObject\",\"inLanguage\":\"en-US\",\"@id\":\"https:\/\/www.cognac-voyer-vaudon.fr\/en\/produit\/cognac-extra-francois-voyer-bouteille-en-etui\/#primaryimage\",\"url\":\"https:\/\/www.cognac-voyer-vaudon.fr\/wp-content\/uploads\/2025\/05\/Extra-btle-etui.jpg\",\"contentUrl\":\"https:\/\/www.cognac-voyer-vaudon.fr\/wp-content\/uploads\/2025\/05\/Extra-btle-etui.jpg\",\"width\":829,\"height\":2105},{\"@type\":\"BreadcrumbList\",\"@id\":\"https:\/\/www.cognac-voyer-vaudon.fr\/en\/produit\/cognac-extra-francois-voyer-bouteille-en-etui\/#breadcrumb\",\"itemListElement\":[{\"@type\":\"ListItem\",\"position\":1,\"name\":\"Accueil\",\"item\":\"https:\/\/www.cognac-voyer-vaudon.fr\/en\/\"},{\"@type\":\"ListItem\",\"position\":2,\"name\":\"Workshops and visits\",\"item\":\"https:\/\/www.cognac-voyer-vaudon.fr\/boutique\/\"},{\"@type\":\"ListItem\",\"position\":3,\"name\":\"Cognac Extra Fran\u00e7ois Voyer &#8211; Bouteille en \u00e9tui\"}]},{\"@type\":\"WebSite\",\"@id\":\"https:\/\/www.cognac-voyer-vaudon.fr\/en\/#website\",\"url\":\"https:\/\/www.cognac-voyer-vaudon.fr\/en\/\",\"name\":\"Visites Cognac Voyer Vaudon\",\"description\":\"Experiences, visits and workshops at the Domaine Cognac Voyer Vaudon\",\"publisher\":{\"@id\":\"https:\/\/www.cognac-voyer-vaudon.fr\/en\/#organization\"},\"potentialAction\":[{\"@type\":\"SearchAction\",\"target\":{\"@type\":\"EntryPoint\",\"urlTemplate\":\"https:\/\/www.cognac-voyer-vaudon.fr\/en\/?s={search_term_string}\"},\"query-input\":{\"@type\":\"PropertyValueSpecification\",\"valueRequired\":true,\"valueName\":\"search_term_string\"}}],\"inLanguage\":\"en-US\"},{\"@type\":\"Organization\",\"@id\":\"https:\/\/www.cognac-voyer-vaudon.fr\/en\/#organization\",\"name\":\"Visits Cognac Voyer Vaudon\",\"url\":\"https:\/\/www.cognac-voyer-vaudon.fr\/en\/\",\"logo\":{\"@type\":\"ImageObject\",\"inLanguage\":\"en-US\",\"@id\":\"https:\/\/www.cognac-voyer-vaudon.fr\/en\/#\/schema\/logo\/image\/\",\"url\":\"https:\/\/www.cognac-voyer-vaudon.fr\/wp-content\/uploads\/2024\/02\/logo-Voyer-vaudon.jpg\",\"contentUrl\":\"https:\/\/www.cognac-voyer-vaudon.fr\/wp-content\/uploads\/2024\/02\/logo-Voyer-vaudon.jpg\",\"width\":665,\"height\":119,\"caption\":\"Visits Cognac Voyer Vaudon\"},\"image\":{\"@id\":\"https:\/\/www.cognac-voyer-vaudon.fr\/en\/#\/schema\/logo\/image\/\"},\"sameAs\":[\"https:\/\/www.facebook.com\/cognacvaudon\",\"https:\/\/www.instagram.com\/cognac_voyer\/\"]}]}<\/script>\n<!-- \/ Yoast SEO plugin. -->","yoast_head_json":{"title":"Cognac Extra Fran\u00e7ois Voyer - Bouteille en \u00e9tui - Visits Cognac Voyer Vaudon","robots":{"index":"index","follow":"follow","max-snippet":"max-snippet:-1","max-image-preview":"max-image-preview:large","max-video-preview":"max-video-preview:-1"},"canonical":"https:\/\/www.cognac-voyer-vaudon.fr\/en\/produit\/cognac-extra-francois-voyer-bouteille-en-etui\/","schema":{"@context":"https:\/\/schema.org","@graph":[{"@type":"WebPage","@id":"https:\/\/www.cognac-voyer-vaudon.fr\/en\/produit\/cognac-extra-francois-voyer-bouteille-en-etui\/","url":"https:\/\/www.cognac-voyer-vaudon.fr\/en\/produit\/cognac-extra-francois-voyer-bouteille-en-etui\/","name":"Cognac Extra Fran\u00e7ois Voyer - Bouteille en \u00e9tui - Visits Cognac Voyer Vaudon","isPartOf":{"@id":"https:\/\/www.cognac-voyer-vaudon.fr\/en\/#website"},"primaryImageOfPage":{"@id":"https:\/\/www.cognac-voyer-vaudon.fr\/en\/produit\/cognac-extra-francois-voyer-bouteille-en-etui\/#primaryimage"},"image":{"@id":"https:\/\/www.cognac-voyer-vaudon.fr\/en\/produit\/cognac-extra-francois-voyer-bouteille-en-etui\/#primaryimage"},"thumbnailUrl":"https:\/\/www.cognac-voyer-vaudon.fr\/wp-content\/uploads\/2025\/05\/Extra-btle-etui.jpg","datePublished":"2025-05-19T09:12:01+00:00","dateModified":"2025-05-19T09:13:40+00:00","breadcrumb":{"@id":"https:\/\/www.cognac-voyer-vaudon.fr\/en\/produit\/cognac-extra-francois-voyer-bouteille-en-etui\/#breadcrumb"},"inLanguage":"en-US","potentialAction":[{"@type":"ReadAction","target":["https:\/\/www.cognac-voyer-vaudon.fr\/en\/produit\/cognac-extra-francois-voyer-bouteille-en-etui\/"]}]},{"@type":"ImageObject","inLanguage":"en-US","@id":"https:\/\/www.cognac-voyer-vaudon.fr\/en\/produit\/cognac-extra-francois-voyer-bouteille-en-etui\/#primaryimage","url":"https:\/\/www.cognac-voyer-vaudon.fr\/wp-content\/uploads\/2025\/05\/Extra-btle-etui.jpg","contentUrl":"https:\/\/www.cognac-voyer-vaudon.fr\/wp-content\/uploads\/2025\/05\/Extra-btle-etui.jpg","width":829,"height":2105},{"@type":"BreadcrumbList","@id":"https:\/\/www.cognac-voyer-vaudon.fr\/en\/produit\/cognac-extra-francois-voyer-bouteille-en-etui\/#breadcrumb","itemListElement":[{"@type":"ListItem","position":1,"name":"Accueil","item":"https:\/\/www.cognac-voyer-vaudon.fr\/en\/"},{"@type":"ListItem","position":2,"name":"Workshops and visits","item":"https:\/\/www.cognac-voyer-vaudon.fr\/boutique\/"},{"@type":"ListItem","position":3,"name":"Cognac Extra Fran\u00e7ois Voyer &#8211; Bouteille en \u00e9tui"}]},{"@type":"WebSite","@id":"https:\/\/www.cognac-voyer-vaudon.fr\/en\/#website","url":"https:\/\/www.cognac-voyer-vaudon.fr\/en\/","name":"Visites Cognac Voyer Vaudon","description":"Experiences, visits and workshops at the Domaine Cognac Voyer Vaudon","publisher":{"@id":"https:\/\/www.cognac-voyer-vaudon.fr\/en\/#organization"},"potentialAction":[{"@type":"SearchAction","target":{"@type":"EntryPoint","urlTemplate":"https:\/\/www.cognac-voyer-vaudon.fr\/en\/?s={search_term_string}"},"query-input":{"@type":"PropertyValueSpecification","valueRequired":true,"valueName":"search_term_string"}}],"inLanguage":"en-US"},{"@type":"Organization","@id":"https:\/\/www.cognac-voyer-vaudon.fr\/en\/#organization","name":"Visits Cognac Voyer Vaudon","url":"https:\/\/www.cognac-voyer-vaudon.fr\/en\/","logo":{"@type":"ImageObject","inLanguage":"en-US","@id":"https:\/\/www.cognac-voyer-vaudon.fr\/en\/#\/schema\/logo\/image\/","url":"https:\/\/www.cognac-voyer-vaudon.fr\/wp-content\/uploads\/2024\/02\/logo-Voyer-vaudon.jpg","contentUrl":"https:\/\/www.cognac-voyer-vaudon.fr\/wp-content\/uploads\/2024\/02\/logo-Voyer-vaudon.jpg","width":665,"height":119,"caption":"Visits Cognac Voyer Vaudon"},"image":{"@id":"https:\/\/www.cognac-voyer-vaudon.fr\/en\/#\/schema\/logo\/image\/"},"sameAs":["https:\/\/www.facebook.com\/cognacvaudon","https:\/\/www.instagram.com\/cognac_voyer\/"]}]}},"uagb_featured_image_src":{"full":["https:\/\/www.cognac-voyer-vaudon.fr\/wp-content\/uploads\/2025\/05\/Extra-btle-etui.jpg",829,2105,false],"thumbnail":["https:\/\/www.cognac-voyer-vaudon.fr\/wp-content\/uploads\/2025\/05\/Extra-btle-etui-150x150.jpg",150,150,true],"medium":["https:\/\/www.cognac-voyer-vaudon.fr\/wp-content\/uploads\/2025\/05\/Extra-btle-etui-118x300.jpg",118,300,true],"medium_large":["https:\/\/www.cognac-voyer-vaudon.fr\/wp-content\/uploads\/2025\/05\/Extra-btle-etui-768x1950.jpg",768,1950,true],"large":["https:\/\/www.cognac-voyer-vaudon.fr\/wp-content\/uploads\/2025\/05\/Extra-btle-etui-403x1024.jpg",403,1024,true],"1536x1536":["https:\/\/www.cognac-voyer-vaudon.fr\/wp-content\/uploads\/2025\/05\/Extra-btle-etui-605x1536.jpg",605,1536,true],"2048x2048":["https:\/\/www.cognac-voyer-vaudon.fr\/wp-content\/uploads\/2025\/05\/Extra-btle-etui-807x2048.jpg",807,2048,true],"woocommerce_thumbnail":["https:\/\/www.cognac-voyer-vaudon.fr\/wp-content\/uploads\/2025\/05\/Extra-btle-etui-300x300.jpg",300,300,true],"woocommerce_single":["https:\/\/www.cognac-voyer-vaudon.fr\/wp-content\/uploads\/2025\/05\/Extra-btle-etui-600x1524.jpg",600,1524,true],"woocommerce_gallery_thumbnail":["https:\/\/www.cognac-voyer-vaudon.fr\/wp-content\/uploads\/2025\/05\/Extra-btle-etui-100x100.jpg",100,100,true]},"uagb_author_info":{"display_name":"Cognac Voyer Vaudon","author_link":"https:\/\/www.cognac-voyer-vaudon.fr\/en\/author\/"},"uagb_comment_info":0,"uagb_excerpt":"Puissant et riche, ce cognac \u00e0 42 % r\u00e9v\u00e8le une palette d\u2019ar\u00f4mes exotiques et \u00e9pic\u00e9s. Id\u00e9al pour des instants de m\u00e9ditation ou de d\u00e9gustation intense.","_links":{"self":[{"href":"https:\/\/www.cognac-voyer-vaudon.fr\/en\/wp-json\/wp\/v2\/product\/5904","targetHints":{"allow":["GET"]}}],"collection":[{"href":"https:\/\/www.cognac-voyer-vaudon.fr\/en\/wp-json\/wp\/v2\/product"}],"about":[{"href":"https:\/\/www.cognac-voyer-vaudon.fr\/en\/wp-json\/wp\/v2\/types\/product"}],"replies":[{"embeddable":true,"href":"https:\/\/www.cognac-voyer-vaudon.fr\/en\/wp-json\/wp\/v2\/comments?post=5904"}],"version-history":[{"count":1,"href":"https:\/\/www.cognac-voyer-vaudon.fr\/en\/wp-json\/wp\/v2\/product\/5904\/revisions"}],"predecessor-version":[{"id":5905,"href":"https:\/\/www.cognac-voyer-vaudon.fr\/en\/wp-json\/wp\/v2\/product\/5904\/revisions\/5905"}],"wp:featuredmedia":[{"embeddable":true,"href":"https:\/\/www.cognac-voyer-vaudon.fr\/en\/wp-json\/wp\/v2\/media\/5899"}],"wp:attachment":[{"href":"https:\/\/www.cognac-voyer-vaudon.fr\/en\/wp-json\/wp\/v2\/media?parent=5904"}],"wp:term":[{"taxonomy":"product_brand","embeddable":true,"href":"https:\/\/www.cognac-voyer-vaudon.fr\/en\/wp-json\/wp\/v2\/product_brand?post=5904"},{"taxonomy":"product_cat","embeddable":true,"href":"https:\/\/www.cognac-voyer-vaudon.fr\/en\/wp-json\/wp\/v2\/product_cat?post=5904"},{"taxonomy":"product_tag","embeddable":true,"href":"https:\/\/www.cognac-voyer-vaudon.fr\/en\/wp-json\/wp\/v2\/product_tag?post=5904"}],"curies":[{"name":"wp","href":"https:\/\/api.w.org\/{rel}","templated":true}]}}