{"id":5947,"date":"2025-05-19T14:54:42","date_gmt":"2025-05-19T12:54:42","guid":{"rendered":"https:\/\/www.cognac-voyer-vaudon.fr\/?post_type=product&#038;p=5947"},"modified":"2025-05-19T15:14:03","modified_gmt":"2025-05-19T13:14:03","slug":"cognac-millesime-1993-brut-de-fut-francois-voyer-bouteille-en-etui","status":"publish","type":"product","link":"https:\/\/www.cognac-voyer-vaudon.fr\/en\/produit\/cognac-millesime-1993-brut-de-fut-francois-voyer-bouteille-en-etui\/","title":{"rendered":"Cognac Mill\u00e9sime 1993 Brut de f\u00fbt Fran\u00e7ois Voyer &#8211; Bouteille en \u00e9tui"},"content":{"rendered":"<div class=\"wpb_column vc_column_container vc_col-sm-6\">\n<div class=\"vc_column-inner \">\n<div class=\"wpb_wrapper\">\n<div class=\"vc_separator wpb_content_element vc_separator_align_center vc_sep_width_20 vc_sep_border_width_3 vc_sep_pos_align_left vc_separator_no_text\">\n<div class=\"wpb_column vc_column_container vc_col-sm-6\">\n<div class=\"vc_column-inner \">\n<div class=\"wpb_wrapper\">\n<div class=\"kleo_text_column wpb_text_column wpb_content_element \">\n<div class=\"wpb_wrapper\">\n<div class=\"wpb_column vc_column_container vc_col-sm-6\">\n<div class=\"vc_column-inner \">\n<div class=\"wpb_wrapper\">\n<div class=\"kleo_text_column wpb_text_column wpb_content_element \">\n<div class=\"wpb_wrapper\">\n<div class=\"wpb_column vc_column_container vc_col-sm-6\">\n<div class=\"vc_column-inner \">\n<div class=\"wpb_wrapper\">\n<div class=\"kleo_text_column wpb_text_column wpb_content_element \">\n<div class=\"wpb_wrapper\">\n<div class=\"wpb_column vc_column_container vc_col-sm-6\">\n<div class=\"vc_column-inner \">\n<div class=\"wpb_wrapper\">\n<div class=\"kleo_text_column wpb_text_column wpb_content_element \">\n<div class=\"wpb_wrapper\">\n<div class=\"wpb_column vc_column_container vc_col-sm-6\">\n<div class=\"vc_column-inner \">\n<div class=\"wpb_wrapper\">\n<div class=\"kleo_text_column wpb_text_column wpb_content_element \">\n<div class=\"wpb_wrapper\">\n<div class=\"wpb_column vc_column_container vc_col-sm-6\">\n<div class=\"vc_column-inner \">\n<div class=\"wpb_wrapper\">\n<div class=\"kleo_text_column wpb_text_column wpb_content_element \">\n<div class=\"wpb_wrapper\">\n<p><strong>Appelation:<\/strong>\u00a0Grande Champagne 1er Cru<br \/>\n<strong>Contenance :<\/strong>\u00a070cl<br \/>\n<strong>Pr\u00e9sentation :<\/strong> Bouteille en \u00e9tui<br \/>\n<strong>TAV :<\/strong> 53.6% Vol.<br \/>\n<strong>C\u00e9page :<\/strong>\u00a0Ugni Blanc<\/p>\n<p><strong>Vieillissement indicatif :<\/strong> dans un seul f\u00fbt de ch\u00eane de 400 litres \u2013 chauffe moyenne &#8211; mis en bouteille le 08 juin 2023<\/p>\n<\/div>\n<\/div>\n<div class=\"vc_separator wpb_content_element vc_separator_align_center vc_sep_width_20 vc_sep_border_width_3 vc_sep_pos_align_left vc_separator_no_text\"><span style=\"font-size: 16px;\"><strong>Couleur<\/strong> : <\/span><span style=\"font-size: 16px;\">Acajou fonc\u00e9<\/span><\/div>\n<\/div>\n<\/div>\n<\/div>\n<div class=\"wpb_column vc_column_container vc_col-sm-6\">\n<div class=\"vc_column-inner \">\n<div class=\"wpb_wrapper\">\n<div class=\"vc_row wpb_row vc_inner vc_row-fluid vc_custom_1574171015747 vc_row-has-fill\">\n<div class=\"wpb_column vc_column_container vc_col-sm-3\">\n<div class=\"vc_column-inner \">\n<div class=\"wpb_wrapper\">\n<div class=\"kleo_text_column wpb_text_column wpb_content_element majuscules constancia-bold responsive-left\">\n<div class=\"wpb_wrapper\">\n<p><strong>Ar\u00f4mes<\/strong> : Touche d&#8217;amande, de vanille Bourbon, de miel, de poivre blanc et de jasmin.<\/p>\n<\/div>\n<\/div>\n<\/div>\n<\/div>\n<\/div>\n<\/div>\n<div class=\"vc_row wpb_row vc_inner vc_row-fluid vc_custom_1574171422811 vc_row-has-fill\">\n<div class=\"wpb_column vc_column_container vc_col-sm-3\">\n<div class=\"vc_column-inner \">\n<div class=\"wpb_wrapper\">\n<div class=\"kleo_text_column wpb_text_column wpb_content_element majuscules constancia-bold responsive-left\">\n<div class=\"wpb_wrapper\">\n<p><strong>Bouche<\/strong> : Attaque puissante, ample et \u00e9pic\u00e9e. Finale douce et persistante.<\/p>\n<\/div>\n<\/div>\n<\/div>\n<\/div>\n<\/div>\n<\/div>\n<div class=\"vc_row wpb_row vc_inner vc_row-fluid vc_custom_1574171422811 vc_row-has-fill\">\n<div class=\"wpb_column vc_column_container vc_col-sm-9\">\n<div class=\"vc_column-inner \">\n<div class=\"wpb_wrapper\">\n<div class=\"kleo_text_column wpb_text_column wpb_content_element \">\n<div class=\"wpb_wrapper\">\n<p>&nbsp;<\/p>\n<p>&nbsp;<\/p>\n<p>&nbsp;<\/p>\n<\/div>\n<\/div>\n<\/div>\n<\/div>\n<\/div>\n<\/div>\n<\/div>\n<\/div>\n<\/div>\n<\/div>\n<\/div>\n<\/div>\n<\/div>\n<\/div>\n<\/div>\n<\/div>\n<\/div>\n<\/div>\n<\/div>\n<\/div>\n<\/div>\n<\/div>\n<\/div>\n<\/div>\n<\/div>\n<\/div>\n<\/div>\n<\/div>\n<\/div>\n<\/div>\n<\/div>\n<\/div>\n<\/div>\n<\/div>\n<\/div>\n<\/div>\n<\/div>\n<\/div>\n","protected":false},"excerpt":{"rendered":"<p>Ev\u00e8nement singulier, pour un Cognac et particuli\u00e8rement avec la Maison <em>Fran\u00e7ois VOYER,<\/em> pour qui les Cognacs Mill\u00e9sim\u00e9s sont exceptionnels.<\/p>\n","protected":false},"featured_media":5948,"comment_status":"closed","ping_status":"closed","template":"","meta":{"_uag_custom_page_level_css":"","site-sidebar-layout":"default","site-content-layout":"","ast-site-content-layout":"default","site-content-style":"default","site-sidebar-style":"default","ast-global-header-display":"","ast-banner-title-visibility":"","ast-main-header-display":"","ast-hfb-above-header-display":"","ast-hfb-below-header-display":"","ast-hfb-mobile-header-display":"","site-post-title":"","ast-breadcrumbs-content":"","ast-featured-img":"","footer-sml-layout":"","theme-transparent-header-meta":"default","adv-header-id-meta":"","stick-header-meta":"","header-above-stick-meta":"","header-main-stick-meta":"","header-below-stick-meta":"","astra-migrate-meta-layouts":"set","ast-page-background-enabled":"default","ast-page-background-meta":{"desktop":{"background-color":"","background-image":"","background-repeat":"repeat","background-position":"center center","background-size":"auto","background-attachment":"scroll","background-type":"","background-media":"","overlay-type":"","overlay-color":"","overlay-gradient":""},"tablet":{"background-color":"","background-image":"","background-repeat":"repeat","background-position":"center center","background-size":"auto","background-attachment":"scroll","background-type":"","background-media":"","overlay-type":"","overlay-color":"","overlay-gradient":""},"mobile":{"background-color":"","background-image":"","background-repeat":"repeat","background-position":"center center","background-size":"auto","background-attachment":"scroll","background-type":"","background-media":"","overlay-type":"","overlay-color":"","overlay-gradient":""}},"ast-content-background-meta":{"desktop":{"background-color":"var(--ast-global-color-5)","background-image":"","background-repeat":"repeat","background-position":"center center","background-size":"auto","background-attachment":"scroll","background-type":"","background-media":"","overlay-type":"","overlay-color":"","overlay-gradient":""},"tablet":{"background-color":"var(--ast-global-color-5)","background-image":"","background-repeat":"repeat","background-position":"center center","background-size":"auto","background-attachment":"scroll","background-type":"","background-media":"","overlay-type":"","overlay-color":"","overlay-gradient":""},"mobile":{"background-color":"var(--ast-global-color-5)","background-image":"","background-repeat":"repeat","background-position":"center center","background-size":"auto","background-attachment":"scroll","background-type":"","background-media":"","overlay-type":"","overlay-color":"","overlay-gradient":""}}},"product_brand":[],"product_cat":[92,91],"product_tag":[],"class_list":{"0":"post-5947","1":"product","2":"type-product","3":"status-publish","4":"has-post-thumbnail","6":"product_cat-francois-voyer","7":"product_cat-nos-produits","8":"product_shipping_class-bouteilles","9":"desktop-align-center","10":"tablet-align-left","11":"mobile-align-left","13":"first","14":"instock","15":"taxable","16":"shipping-taxable","17":"purchasable","18":"product-type-simple"},"yoast_head":"<!-- This site is optimized with the Yoast SEO plugin v25.0 - https:\/\/yoast.com\/wordpress\/plugins\/seo\/ -->\n<title>Cognac Mill\u00e9sime 1993 Brut de f\u00fbt Fran\u00e7ois Voyer - Bouteille en \u00e9tui - Visits Cognac Voyer Vaudon<\/title>\n<meta name=\"robots\" content=\"index, follow, max-snippet:-1, max-image-preview:large, max-video-preview:-1\" \/>\n<link rel=\"canonical\" href=\"https:\/\/www.cognac-voyer-vaudon.fr\/en\/produit\/cognac-millesime-1993-brut-de-fut-francois-voyer-bouteille-en-etui\/\" \/>\n<script type=\"application\/ld+json\" class=\"yoast-schema-graph\">{\"@context\":\"https:\/\/schema.org\",\"@graph\":[{\"@type\":\"WebPage\",\"@id\":\"https:\/\/www.cognac-voyer-vaudon.fr\/en\/produit\/cognac-millesime-1993-brut-de-fut-francois-voyer-bouteille-en-etui\/\",\"url\":\"https:\/\/www.cognac-voyer-vaudon.fr\/en\/produit\/cognac-millesime-1993-brut-de-fut-francois-voyer-bouteille-en-etui\/\",\"name\":\"Cognac Mill\u00e9sime 1993 Brut de f\u00fbt Fran\u00e7ois Voyer - Bouteille en \u00e9tui - Visits Cognac Voyer Vaudon\",\"isPartOf\":{\"@id\":\"https:\/\/www.cognac-voyer-vaudon.fr\/en\/#website\"},\"primaryImageOfPage\":{\"@id\":\"https:\/\/www.cognac-voyer-vaudon.fr\/en\/produit\/cognac-millesime-1993-brut-de-fut-francois-voyer-bouteille-en-etui\/#primaryimage\"},\"image\":{\"@id\":\"https:\/\/www.cognac-voyer-vaudon.fr\/en\/produit\/cognac-millesime-1993-brut-de-fut-francois-voyer-bouteille-en-etui\/#primaryimage\"},\"thumbnailUrl\":\"https:\/\/www.cognac-voyer-vaudon.fr\/wp-content\/uploads\/2025\/05\/1993--scaled.jpg\",\"datePublished\":\"2025-05-19T12:54:42+00:00\",\"dateModified\":\"2025-05-19T13:14:03+00:00\",\"breadcrumb\":{\"@id\":\"https:\/\/www.cognac-voyer-vaudon.fr\/en\/produit\/cognac-millesime-1993-brut-de-fut-francois-voyer-bouteille-en-etui\/#breadcrumb\"},\"inLanguage\":\"en-US\",\"potentialAction\":[{\"@type\":\"ReadAction\",\"target\":[\"https:\/\/www.cognac-voyer-vaudon.fr\/en\/produit\/cognac-millesime-1993-brut-de-fut-francois-voyer-bouteille-en-etui\/\"]}]},{\"@type\":\"ImageObject\",\"inLanguage\":\"en-US\",\"@id\":\"https:\/\/www.cognac-voyer-vaudon.fr\/en\/produit\/cognac-millesime-1993-brut-de-fut-francois-voyer-bouteille-en-etui\/#primaryimage\",\"url\":\"https:\/\/www.cognac-voyer-vaudon.fr\/wp-content\/uploads\/2025\/05\/1993--scaled.jpg\",\"contentUrl\":\"https:\/\/www.cognac-voyer-vaudon.fr\/wp-content\/uploads\/2025\/05\/1993--scaled.jpg\",\"width\":1157,\"height\":2560},{\"@type\":\"BreadcrumbList\",\"@id\":\"https:\/\/www.cognac-voyer-vaudon.fr\/en\/produit\/cognac-millesime-1993-brut-de-fut-francois-voyer-bouteille-en-etui\/#breadcrumb\",\"itemListElement\":[{\"@type\":\"ListItem\",\"position\":1,\"name\":\"Accueil\",\"item\":\"https:\/\/www.cognac-voyer-vaudon.fr\/en\/\"},{\"@type\":\"ListItem\",\"position\":2,\"name\":\"Workshops and visits\",\"item\":\"https:\/\/www.cognac-voyer-vaudon.fr\/boutique\/\"},{\"@type\":\"ListItem\",\"position\":3,\"name\":\"Cognac Mill\u00e9sime 1993 Brut de f\u00fbt Fran\u00e7ois Voyer &#8211; Bouteille en \u00e9tui\"}]},{\"@type\":\"WebSite\",\"@id\":\"https:\/\/www.cognac-voyer-vaudon.fr\/en\/#website\",\"url\":\"https:\/\/www.cognac-voyer-vaudon.fr\/en\/\",\"name\":\"Visites Cognac Voyer Vaudon\",\"description\":\"Experiences, visits and workshops at the Domaine Cognac Voyer Vaudon\",\"publisher\":{\"@id\":\"https:\/\/www.cognac-voyer-vaudon.fr\/en\/#organization\"},\"potentialAction\":[{\"@type\":\"SearchAction\",\"target\":{\"@type\":\"EntryPoint\",\"urlTemplate\":\"https:\/\/www.cognac-voyer-vaudon.fr\/en\/?s={search_term_string}\"},\"query-input\":{\"@type\":\"PropertyValueSpecification\",\"valueRequired\":true,\"valueName\":\"search_term_string\"}}],\"inLanguage\":\"en-US\"},{\"@type\":\"Organization\",\"@id\":\"https:\/\/www.cognac-voyer-vaudon.fr\/en\/#organization\",\"name\":\"Visits Cognac Voyer Vaudon\",\"url\":\"https:\/\/www.cognac-voyer-vaudon.fr\/en\/\",\"logo\":{\"@type\":\"ImageObject\",\"inLanguage\":\"en-US\",\"@id\":\"https:\/\/www.cognac-voyer-vaudon.fr\/en\/#\/schema\/logo\/image\/\",\"url\":\"https:\/\/www.cognac-voyer-vaudon.fr\/wp-content\/uploads\/2024\/02\/logo-Voyer-vaudon.jpg\",\"contentUrl\":\"https:\/\/www.cognac-voyer-vaudon.fr\/wp-content\/uploads\/2024\/02\/logo-Voyer-vaudon.jpg\",\"width\":665,\"height\":119,\"caption\":\"Visits Cognac Voyer Vaudon\"},\"image\":{\"@id\":\"https:\/\/www.cognac-voyer-vaudon.fr\/en\/#\/schema\/logo\/image\/\"},\"sameAs\":[\"https:\/\/www.facebook.com\/cognacvaudon\",\"https:\/\/www.instagram.com\/cognac_voyer\/\"]}]}<\/script>\n<!-- \/ Yoast SEO plugin. -->","yoast_head_json":{"title":"Cognac Mill\u00e9sime 1993 Brut de f\u00fbt Fran\u00e7ois Voyer - Bouteille en \u00e9tui - Visits Cognac Voyer Vaudon","robots":{"index":"index","follow":"follow","max-snippet":"max-snippet:-1","max-image-preview":"max-image-preview:large","max-video-preview":"max-video-preview:-1"},"canonical":"https:\/\/www.cognac-voyer-vaudon.fr\/en\/produit\/cognac-millesime-1993-brut-de-fut-francois-voyer-bouteille-en-etui\/","schema":{"@context":"https:\/\/schema.org","@graph":[{"@type":"WebPage","@id":"https:\/\/www.cognac-voyer-vaudon.fr\/en\/produit\/cognac-millesime-1993-brut-de-fut-francois-voyer-bouteille-en-etui\/","url":"https:\/\/www.cognac-voyer-vaudon.fr\/en\/produit\/cognac-millesime-1993-brut-de-fut-francois-voyer-bouteille-en-etui\/","name":"Cognac Mill\u00e9sime 1993 Brut de f\u00fbt Fran\u00e7ois Voyer - Bouteille en \u00e9tui - Visits Cognac Voyer Vaudon","isPartOf":{"@id":"https:\/\/www.cognac-voyer-vaudon.fr\/en\/#website"},"primaryImageOfPage":{"@id":"https:\/\/www.cognac-voyer-vaudon.fr\/en\/produit\/cognac-millesime-1993-brut-de-fut-francois-voyer-bouteille-en-etui\/#primaryimage"},"image":{"@id":"https:\/\/www.cognac-voyer-vaudon.fr\/en\/produit\/cognac-millesime-1993-brut-de-fut-francois-voyer-bouteille-en-etui\/#primaryimage"},"thumbnailUrl":"https:\/\/www.cognac-voyer-vaudon.fr\/wp-content\/uploads\/2025\/05\/1993--scaled.jpg","datePublished":"2025-05-19T12:54:42+00:00","dateModified":"2025-05-19T13:14:03+00:00","breadcrumb":{"@id":"https:\/\/www.cognac-voyer-vaudon.fr\/en\/produit\/cognac-millesime-1993-brut-de-fut-francois-voyer-bouteille-en-etui\/#breadcrumb"},"inLanguage":"en-US","potentialAction":[{"@type":"ReadAction","target":["https:\/\/www.cognac-voyer-vaudon.fr\/en\/produit\/cognac-millesime-1993-brut-de-fut-francois-voyer-bouteille-en-etui\/"]}]},{"@type":"ImageObject","inLanguage":"en-US","@id":"https:\/\/www.cognac-voyer-vaudon.fr\/en\/produit\/cognac-millesime-1993-brut-de-fut-francois-voyer-bouteille-en-etui\/#primaryimage","url":"https:\/\/www.cognac-voyer-vaudon.fr\/wp-content\/uploads\/2025\/05\/1993--scaled.jpg","contentUrl":"https:\/\/www.cognac-voyer-vaudon.fr\/wp-content\/uploads\/2025\/05\/1993--scaled.jpg","width":1157,"height":2560},{"@type":"BreadcrumbList","@id":"https:\/\/www.cognac-voyer-vaudon.fr\/en\/produit\/cognac-millesime-1993-brut-de-fut-francois-voyer-bouteille-en-etui\/#breadcrumb","itemListElement":[{"@type":"ListItem","position":1,"name":"Accueil","item":"https:\/\/www.cognac-voyer-vaudon.fr\/en\/"},{"@type":"ListItem","position":2,"name":"Workshops and visits","item":"https:\/\/www.cognac-voyer-vaudon.fr\/boutique\/"},{"@type":"ListItem","position":3,"name":"Cognac Mill\u00e9sime 1993 Brut de f\u00fbt Fran\u00e7ois Voyer &#8211; Bouteille en \u00e9tui"}]},{"@type":"WebSite","@id":"https:\/\/www.cognac-voyer-vaudon.fr\/en\/#website","url":"https:\/\/www.cognac-voyer-vaudon.fr\/en\/","name":"Visites Cognac Voyer Vaudon","description":"Experiences, visits and workshops at the Domaine Cognac Voyer Vaudon","publisher":{"@id":"https:\/\/www.cognac-voyer-vaudon.fr\/en\/#organization"},"potentialAction":[{"@type":"SearchAction","target":{"@type":"EntryPoint","urlTemplate":"https:\/\/www.cognac-voyer-vaudon.fr\/en\/?s={search_term_string}"},"query-input":{"@type":"PropertyValueSpecification","valueRequired":true,"valueName":"search_term_string"}}],"inLanguage":"en-US"},{"@type":"Organization","@id":"https:\/\/www.cognac-voyer-vaudon.fr\/en\/#organization","name":"Visits Cognac Voyer Vaudon","url":"https:\/\/www.cognac-voyer-vaudon.fr\/en\/","logo":{"@type":"ImageObject","inLanguage":"en-US","@id":"https:\/\/www.cognac-voyer-vaudon.fr\/en\/#\/schema\/logo\/image\/","url":"https:\/\/www.cognac-voyer-vaudon.fr\/wp-content\/uploads\/2024\/02\/logo-Voyer-vaudon.jpg","contentUrl":"https:\/\/www.cognac-voyer-vaudon.fr\/wp-content\/uploads\/2024\/02\/logo-Voyer-vaudon.jpg","width":665,"height":119,"caption":"Visits Cognac Voyer Vaudon"},"image":{"@id":"https:\/\/www.cognac-voyer-vaudon.fr\/en\/#\/schema\/logo\/image\/"},"sameAs":["https:\/\/www.facebook.com\/cognacvaudon","https:\/\/www.instagram.com\/cognac_voyer\/"]}]}},"uagb_featured_image_src":{"full":["https:\/\/www.cognac-voyer-vaudon.fr\/wp-content\/uploads\/2025\/05\/1993--scaled.jpg",1157,2560,false],"thumbnail":["https:\/\/www.cognac-voyer-vaudon.fr\/wp-content\/uploads\/2025\/05\/1993--150x150.jpg",150,150,true],"medium":["https:\/\/www.cognac-voyer-vaudon.fr\/wp-content\/uploads\/2025\/05\/1993--136x300.jpg",136,300,true],"medium_large":["https:\/\/www.cognac-voyer-vaudon.fr\/wp-content\/uploads\/2025\/05\/1993--768x1700.jpg",768,1700,true],"large":["https:\/\/www.cognac-voyer-vaudon.fr\/wp-content\/uploads\/2025\/05\/1993--463x1024.jpg",463,1024,true],"1536x1536":["https:\/\/www.cognac-voyer-vaudon.fr\/wp-content\/uploads\/2025\/05\/1993--694x1536.jpg",694,1536,true],"2048x2048":["https:\/\/www.cognac-voyer-vaudon.fr\/wp-content\/uploads\/2025\/05\/1993--925x2048.jpg",925,2048,true],"woocommerce_thumbnail":["https:\/\/www.cognac-voyer-vaudon.fr\/wp-content\/uploads\/2025\/05\/1993--300x300.jpg",300,300,true],"woocommerce_single":["https:\/\/www.cognac-voyer-vaudon.fr\/wp-content\/uploads\/2025\/05\/1993--600x1328.jpg",600,1328,true],"woocommerce_gallery_thumbnail":["https:\/\/www.cognac-voyer-vaudon.fr\/wp-content\/uploads\/2025\/05\/1993--100x100.jpg",100,100,true]},"uagb_author_info":{"display_name":"Cognac Voyer Vaudon","author_link":"https:\/\/www.cognac-voyer-vaudon.fr\/en\/author\/"},"uagb_comment_info":0,"uagb_excerpt":"Ev\u00e8nement singulier, pour un Cognac et particuli\u00e8rement avec la Maison Fran\u00e7ois VOYER, pour qui les Cognacs Mill\u00e9sim\u00e9s sont exceptionnels.","_links":{"self":[{"href":"https:\/\/www.cognac-voyer-vaudon.fr\/en\/wp-json\/wp\/v2\/product\/5947","targetHints":{"allow":["GET"]}}],"collection":[{"href":"https:\/\/www.cognac-voyer-vaudon.fr\/en\/wp-json\/wp\/v2\/product"}],"about":[{"href":"https:\/\/www.cognac-voyer-vaudon.fr\/en\/wp-json\/wp\/v2\/types\/product"}],"replies":[{"embeddable":true,"href":"https:\/\/www.cognac-voyer-vaudon.fr\/en\/wp-json\/wp\/v2\/comments?post=5947"}],"version-history":[{"count":1,"href":"https:\/\/www.cognac-voyer-vaudon.fr\/en\/wp-json\/wp\/v2\/product\/5947\/revisions"}],"predecessor-version":[{"id":5950,"href":"https:\/\/www.cognac-voyer-vaudon.fr\/en\/wp-json\/wp\/v2\/product\/5947\/revisions\/5950"}],"wp:featuredmedia":[{"embeddable":true,"href":"https:\/\/www.cognac-voyer-vaudon.fr\/en\/wp-json\/wp\/v2\/media\/5948"}],"wp:attachment":[{"href":"https:\/\/www.cognac-voyer-vaudon.fr\/en\/wp-json\/wp\/v2\/media?parent=5947"}],"wp:term":[{"taxonomy":"product_brand","embeddable":true,"href":"https:\/\/www.cognac-voyer-vaudon.fr\/en\/wp-json\/wp\/v2\/product_brand?post=5947"},{"taxonomy":"product_cat","embeddable":true,"href":"https:\/\/www.cognac-voyer-vaudon.fr\/en\/wp-json\/wp\/v2\/product_cat?post=5947"},{"taxonomy":"product_tag","embeddable":true,"href":"https:\/\/www.cognac-voyer-vaudon.fr\/en\/wp-json\/wp\/v2\/product_tag?post=5947"}],"curies":[{"name":"wp","href":"https:\/\/api.w.org\/{rel}","templated":true}]}}